{"id":81,"date":"2017-05-11T11:10:50","date_gmt":"2017-05-11T11:10:50","guid":{"rendered":"https:\/\/www.raimondi-cucine.it\/cucina-moderna-mare\/"},"modified":"2018-10-20T11:20:29","modified_gmt":"2018-10-20T11:20:29","slug":"cucina-moderna-mare","status":"publish","type":"page","link":"https:\/\/www.raimondi-cucine.it\/it\/vendita-cucine-moderne-sicilia\/cucina-moderna-mare\/","title":{"rendered":"Cucina moderna Mare"},"content":{"rendered":"<p class=\"abstract\">Sistema Materia riprende e sviluppa i contenuti del trendy classico, lo stile che connota la vocazione produttiva di GeD Cucine: valorizzare la qualit\u00e0 dei materiali proponendoli nella loro immediata autenticit\u00e0; il design asseconda questa vocazione con un intervento originale che d\u00e0 vita a forme di raffinata semplicit\u00e0.<\/p>\n<div style=\"width: 1034px\" class=\"wp-caption aligncenter\"><img loading=\"lazy\" decoding=\"async\" src=\"https:\/\/www.raimondi-cucine.it\/wp-content\/uploads\/cucina-componibile-mare-1.jpg\" alt=\"Arredo cucina moderna su misura ~ Mare\" width=\"1024\" height=\"1417\" \/><p class=\"wp-caption-text\">La <strong>cucina moderna<\/strong> Mare prende il suo nome dal neon azzurro posto sopra il lavabo che, quando acceso, da a colui che la osserva una forte componente rievocativa ed emozionale.<\/p><\/div>\n<p>Nelle diverse versioni di Mare, le materie risaltano in tutta la loro originaria forza, come una squisita pietanza nasce dalla qualit\u00e0, dalle giuste cose e dal trattamento sapiente degli ingredienti che ne preserva la natura , cosi \u00e8 per Mare, fatta di sostanze pure e di proporzioni equilibrate. La pietra e i piani di lavoro, provenienti da cave che, per la particolare posizione, consentono di conservare il profumo del mare, e proposta e levigata al naturale per coglierne, al tatto, la matericit\u00e0.<\/p>\n<h2>CUCINA COMPONIBILE MARE LAMINA &#8211; CARATTERISTICHE TECNICHE<\/h2>\n<div style=\"width: 1034px\" class=\"wp-caption aligncenter\"><img loading=\"lazy\" decoding=\"async\" src=\"https:\/\/www.raimondi-cucine.it\/wp-content\/uploads\/cucina-componibile-mare-2.jpg\" alt=\"Arredo cucina moderna su misura ~ Mare\" width=\"1024\" height=\"871\" \/><p class=\"wp-caption-text\">La<strong> cucina componibile moderna<\/strong> Mare \u00e8 realizzata con le ante in plexiglass per una maggiore sensazione di trasparenza e limpidezza.<\/p><\/div>\n<ul>\n<li><strong>Ante<\/strong>: Pannello classe E1 rivestito in laminato 12\/10 con bordi verticali postformati e profilo maniglia<\/li>\n<li><strong>Frontali cassetto<\/strong>: Pannello classe E1 impiallacciato in legno multi laminare decorativo tinto teak con bordo perimetrale 10\/10 in legno multi laminare decorativo tinto teak<br \/>\nPannello classe E1 premassellato perimetralmente ed impiallacciato in rovere verniciato naturale o grafite<\/li>\n<li><strong>Ante vetro<\/strong>: Telaio in alluminio anodizzato<\/li>\n<li><strong>Vetri<\/strong>: Laccato bianco e temperato, laccato nero e temperato, serigrafato bianco e temperato o specchio satinato coprente<\/li>\n<li><strong>Maniglie<\/strong>: Passi di foratura compatibili con il modello 128- 160 &#8211; 192 &#8211; 224 &#8211; multipasso (192 &#8211; 352) &#8211; multipasso (224 &#8211; 352 &#8211; 640)<\/li>\n<li><strong>Fusto mobile<\/strong>: Pannello ecologico classe E1 nobilitato melamminico, fianchi : superficie esterna e bordo colori anta superficie interna bianco o avorio, fondo, cielo e ripiani bianchi o avorio. Pannello ecologico classe E1 nobilitato melamminico.<\/li>\n<li><strong>Fianchi personalizzati<\/strong>: Pannello ecologico classe E1, superficie esterna e bordi impiallacciati rovere verniciato naturale o grafite, superficie interna nobilitato melaminico<\/li>\n<li><strong>Mensole<\/strong>: Pannello ecologico classe E1 rivestito in laminato o pannello classe E1 impiallacciato noce tinto e verniciato<\/li>\n<li><strong>Zoccoli<\/strong>: alluminio millerighe anodizzato o alluminio finitura acciaio inox<\/li>\n<\/ul>\n","protected":false},"excerpt":{"rendered":"<p>Sistema Materia riprende e sviluppa i contenuti del trendy classico, lo stile che connota la vocazione produttiva di GeD Cucine: valorizzare la qualit\u00e0 dei materiali proponendoli nella loro immediata autenticit\u00e0; il design asseconda questa vocazione con un intervento originale che d\u00e0 vita a forme di raffinata semplicit\u00e0. Nelle diverse versioni di Mare, le materie risaltano [&hellip;]<\/p>\n<div style='clear:both'><\/div><div style=\"float:right\" class='the_champ_sharing_container the_champ_horizontal_sharing' data-super-socializer-href=\"https:\/\/www.raimondi-cucine.it\/it\/vendita-cucine-moderne-sicilia\/cucina-moderna-mare\/\"><div class='the_champ_sharing_title' style=\"font-weight:bold\" ><\/div><div class=\"the_champ_sharing_ul\"><a aria-label=\"Facebook\" class=\"the_champ_facebook\" href=\"https:\/\/www.facebook.com\/sharer\/sharer.php?u=https%3A%2F%2Fwww.raimondi-cucine.it%2Fit%2Fvendita-cucine-moderne-sicilia%2Fcucina-moderna-mare%2F\" title=\"Facebook\" rel=\"nofollow noopener\" target=\"_blank\" style=\"font-size:24px!important;box-shadow:none;display:inline-block;vertical-align:middle\"><span class=\"the_champ_svg\" style=\"background-color:#3c589a;width:35px;height:35px;border-radius:999px;display:inline-block;opacity:1;float:left;font-size:24px;box-shadow:none;display:inline-block;font-size:16px;padding:0 4px;vertical-align:middle;background-repeat:repeat;overflow:hidden;padding:0;cursor:pointer;box-sizing:content-box\"><svg style=\"display:block;border-radius:999px;\" focusable=\"false\" aria-hidden=\"true\" xmlns=\"http:\/\/www.w3.org\/2000\/svg\" width=\"100%\" height=\"100%\" viewBox=\"-5 -5 42 42\"><path d=\"M17.78 27.5V17.008h3.522l.527-4.09h-4.05v-2.61c0-1.182.33-1.99 2.023-1.99h2.166V4.66c-.375-.05-1.66-.16-3.155-.16-3.123 0-5.26 1.905-5.26 5.405v3.016h-3.53v4.09h3.53V27.5h4.223z\" fill=\"#fff\"><\/path><\/svg><\/span><\/a><a aria-label=\"Print\" class=\"the_champ_button_print\" href=\"https:\/\/www.raimondi-cucine.it\/it\/vendita-cucine-moderne-sicilia\/cucina-moderna-mare\/\" onclick=\"event.preventDefault();window.print()\" title=\"Print\" rel=\"nofollow noopener\" style=\"font-size:24px!important;box-shadow:none;display:inline-block;vertical-align:middle\"><span class=\"the_champ_svg the_champ_s__default the_champ_s_print\" style=\"background-color:#fd6500;width:35px;height:35px;border-radius:999px;display:inline-block;opacity:1;float:left;font-size:24px;box-shadow:none;display:inline-block;font-size:16px;padding:0 4px;vertical-align:middle;background-repeat:repeat;overflow:hidden;padding:0;cursor:pointer;box-sizing:content-box\"><svg style=\"display:block;border-radius:999px;\" focusable=\"false\" aria-hidden=\"true\" xmlns=\"http:\/\/www.w3.org\/2000\/svg\" width=\"100%\" height=\"100%\" viewBox=\"-2.8 -4.5 35 35\"><path stroke=\"#fff\" class=\"the_champ_svg_stroke\" d=\"M 7 10 h 2 v 3 h 12 v -3 h 2 v 7 h -2 v -3 h -12 v 3 h -2 z\" stroke-width=\"1\" fill=\"#fff\"><\/path><rect class=\"the_champ_no_fill the_champ_svg_stroke\" stroke=\"#fff\" stroke-width=\"1.8\" height=\"7\" width=\"10\" x=\"10\" y=\"5\" fill=\"none\"><\/rect><rect class=\"the_champ_svg_stroke\" stroke=\"#fff\" stroke-width=\"1\" height=\"5\" width=\"8\" x=\"11\" y=\"16\" fill=\"#fff\"><\/rect><\/svg><\/span><\/a><\/div><\/div><div style='clear:both'><\/div>","protected":false},"author":2,"featured_media":2215,"parent":51,"menu_order":0,"comment_status":"open","ping_status":"open","template":"","meta":{"_et_pb_use_builder":"","_et_pb_old_content":"","_et_gb_content_width":"","footnotes":""},"yoast_head":"<!-- This site is optimized with the Yoast SEO plugin v22.7 - https:\/\/yoast.com\/wordpress\/plugins\/seo\/ -->\n<title>Cucina moderna Mare - Rivenditori cucine Sicilia<\/title>\n<meta name=\"description\" content=\"Arredamento su misura e produzione cucine country. Arredamento moderno e vendita mobili cucina. Arredamento mobili componibili cucina e mobili bar.\" \/>\n<meta name=\"robots\" content=\"index, follow, max-snippet:-1, max-image-preview:large, max-video-preview:-1\" \/>\n<link rel=\"canonical\" href=\"https:\/\/www.raimondi-cucine.it\/it\/vendita-cucine-moderne-sicilia\/cucina-moderna-mare\/\" \/>\n<meta property=\"og:locale\" content=\"it_IT\" \/>\n<meta property=\"og:type\" content=\"article\" \/>\n<meta property=\"og:title\" content=\"Cucina moderna Mare - Rivenditori cucine Sicilia\" \/>\n<meta property=\"og:description\" content=\"Arredamento su misura e produzione cucine country. Arredamento moderno e vendita mobili cucina. Arredamento mobili componibili cucina e mobili bar.\" \/>\n<meta property=\"og:url\" content=\"https:\/\/www.raimondi-cucine.it\/it\/vendita-cucine-moderne-sicilia\/cucina-moderna-mare\/\" \/>\n<meta property=\"og:site_name\" content=\"Rivenditori cucine Sicilia\" \/>\n<meta property=\"article:publisher\" content=\"https:\/\/www.facebook.com\/raimondicucine\/\" \/>\n<meta property=\"article:modified_time\" content=\"2018-10-20T11:20:29+00:00\" \/>\n<meta property=\"og:image\" content=\"https:\/\/www.raimondi-cucine.it\/wp-content\/uploads\/cucina-componibile-mare-3.jpg\" \/>\n\t<meta property=\"og:image:width\" content=\"1024\" \/>\n\t<meta property=\"og:image:height\" content=\"602\" \/>\n\t<meta property=\"og:image:type\" content=\"image\/jpeg\" \/>\n<meta name=\"twitter:card\" content=\"summary_large_image\" \/>\n<meta name=\"twitter:label1\" content=\"Tempo di lettura stimato\" \/>\n\t<meta name=\"twitter:data1\" content=\"2 minuti\" \/>\n<script type=\"application\/ld+json\" class=\"yoast-schema-graph\">{\"@context\":\"https:\/\/schema.org\",\"@graph\":[{\"@type\":\"WebPage\",\"@id\":\"https:\/\/www.raimondi-cucine.it\/it\/vendita-cucine-moderne-sicilia\/cucina-moderna-mare\/\",\"url\":\"https:\/\/www.raimondi-cucine.it\/it\/vendita-cucine-moderne-sicilia\/cucina-moderna-mare\/\",\"name\":\"Cucina moderna Mare - Rivenditori cucine Sicilia\",\"isPartOf\":{\"@id\":\"https:\/\/www.raimondi-cucine.it\/it\/#website\"},\"primaryImageOfPage\":{\"@id\":\"https:\/\/www.raimondi-cucine.it\/it\/vendita-cucine-moderne-sicilia\/cucina-moderna-mare\/#primaryimage\"},\"image\":{\"@id\":\"https:\/\/www.raimondi-cucine.it\/it\/vendita-cucine-moderne-sicilia\/cucina-moderna-mare\/#primaryimage\"},\"thumbnailUrl\":\"https:\/\/www.raimondi-cucine.it\/wp-content\/uploads\/cucina-componibile-mare-3.jpg\",\"datePublished\":\"2017-05-11T11:10:50+00:00\",\"dateModified\":\"2018-10-20T11:20:29+00:00\",\"description\":\"Arredamento su misura e produzione cucine country. Arredamento moderno e vendita mobili cucina. Arredamento mobili componibili cucina e mobili bar.\",\"breadcrumb\":{\"@id\":\"https:\/\/www.raimondi-cucine.it\/it\/vendita-cucine-moderne-sicilia\/cucina-moderna-mare\/#breadcrumb\"},\"inLanguage\":\"it-IT\",\"potentialAction\":[{\"@type\":\"ReadAction\",\"target\":[\"https:\/\/www.raimondi-cucine.it\/it\/vendita-cucine-moderne-sicilia\/cucina-moderna-mare\/\"]}]},{\"@type\":\"ImageObject\",\"inLanguage\":\"it-IT\",\"@id\":\"https:\/\/www.raimondi-cucine.it\/it\/vendita-cucine-moderne-sicilia\/cucina-moderna-mare\/#primaryimage\",\"url\":\"https:\/\/www.raimondi-cucine.it\/wp-content\/uploads\/cucina-componibile-mare-3.jpg\",\"contentUrl\":\"https:\/\/www.raimondi-cucine.it\/wp-content\/uploads\/cucina-componibile-mare-3.jpg\",\"width\":1024,\"height\":602,\"caption\":\"La cucina componibile moderna Mare \u00e8 realizzata con le ante in plexiglass per una maggiore sensazione di trasparenza e limpidezza.\"},{\"@type\":\"BreadcrumbList\",\"@id\":\"https:\/\/www.raimondi-cucine.it\/it\/vendita-cucine-moderne-sicilia\/cucina-moderna-mare\/#breadcrumb\",\"itemListElement\":[{\"@type\":\"ListItem\",\"position\":1,\"name\":\"Home\",\"item\":\"https:\/\/www.raimondi-cucine.it\/it\/\"},{\"@type\":\"ListItem\",\"position\":2,\"name\":\"Cucine moderne\",\"item\":\"https:\/\/www.raimondi-cucine.it\/it\/vendita-cucine-moderne-sicilia\/\"},{\"@type\":\"ListItem\",\"position\":3,\"name\":\"Cucina moderna Mare\"}]},{\"@type\":\"WebSite\",\"@id\":\"https:\/\/www.raimondi-cucine.it\/it\/#website\",\"url\":\"https:\/\/www.raimondi-cucine.it\/it\/\",\"name\":\"Rivenditori cucine Sicilia\",\"description\":\"Il design che d\u00e0 spazio ai tuoi desideri\",\"publisher\":{\"@id\":\"https:\/\/www.raimondi-cucine.it\/it\/#organization\"},\"potentialAction\":[{\"@type\":\"SearchAction\",\"target\":{\"@type\":\"EntryPoint\",\"urlTemplate\":\"https:\/\/www.raimondi-cucine.it\/it\/?s={search_term_string}\"},\"query-input\":\"required name=search_term_string\"}],\"inLanguage\":\"it-IT\"},{\"@type\":\"Organization\",\"@id\":\"https:\/\/www.raimondi-cucine.it\/it\/#organization\",\"name\":\"Raimondi Cucine\",\"url\":\"https:\/\/www.raimondi-cucine.it\/it\/\",\"logo\":{\"@type\":\"ImageObject\",\"inLanguage\":\"it-IT\",\"@id\":\"https:\/\/www.raimondi-cucine.it\/it\/#\/schema\/logo\/image\/\",\"url\":\"https:\/\/www.raimondi-cucine.it\/wp-content\/uploads\/banner_email.png\",\"contentUrl\":\"https:\/\/www.raimondi-cucine.it\/wp-content\/uploads\/banner_email.png\",\"width\":560,\"height\":100,\"caption\":\"Raimondi Cucine\"},\"image\":{\"@id\":\"https:\/\/www.raimondi-cucine.it\/it\/#\/schema\/logo\/image\/\"},\"sameAs\":[\"https:\/\/www.facebook.com\/raimondicucine\/\",\"https:\/\/www.youtube.com\/channel\/UCJpe1gYYTxKn6GmhBXdMLoA\"]}]}<\/script>\n<!-- \/ Yoast SEO plugin. -->","yoast_head_json":{"title":"Cucina moderna Mare - Rivenditori cucine Sicilia","description":"Arredamento su misura e produzione cucine country. Arredamento moderno e vendita mobili cucina. Arredamento mobili componibili cucina e mobili bar.","robots":{"index":"index","follow":"follow","max-snippet":"max-snippet:-1","max-image-preview":"max-image-preview:large","max-video-preview":"max-video-preview:-1"},"canonical":"https:\/\/www.raimondi-cucine.it\/it\/vendita-cucine-moderne-sicilia\/cucina-moderna-mare\/","og_locale":"it_IT","og_type":"article","og_title":"Cucina moderna Mare - Rivenditori cucine Sicilia","og_description":"Arredamento su misura e produzione cucine country. Arredamento moderno e vendita mobili cucina. Arredamento mobili componibili cucina e mobili bar.","og_url":"https:\/\/www.raimondi-cucine.it\/it\/vendita-cucine-moderne-sicilia\/cucina-moderna-mare\/","og_site_name":"Rivenditori cucine Sicilia","article_publisher":"https:\/\/www.facebook.com\/raimondicucine\/","article_modified_time":"2018-10-20T11:20:29+00:00","og_image":[{"width":1024,"height":602,"url":"https:\/\/www.raimondi-cucine.it\/wp-content\/uploads\/cucina-componibile-mare-3.jpg","type":"image\/jpeg"}],"twitter_card":"summary_large_image","twitter_misc":{"Tempo di lettura stimato":"2 minuti"},"schema":{"@context":"https:\/\/schema.org","@graph":[{"@type":"WebPage","@id":"https:\/\/www.raimondi-cucine.it\/it\/vendita-cucine-moderne-sicilia\/cucina-moderna-mare\/","url":"https:\/\/www.raimondi-cucine.it\/it\/vendita-cucine-moderne-sicilia\/cucina-moderna-mare\/","name":"Cucina moderna Mare - Rivenditori cucine Sicilia","isPartOf":{"@id":"https:\/\/www.raimondi-cucine.it\/it\/#website"},"primaryImageOfPage":{"@id":"https:\/\/www.raimondi-cucine.it\/it\/vendita-cucine-moderne-sicilia\/cucina-moderna-mare\/#primaryimage"},"image":{"@id":"https:\/\/www.raimondi-cucine.it\/it\/vendita-cucine-moderne-sicilia\/cucina-moderna-mare\/#primaryimage"},"thumbnailUrl":"https:\/\/www.raimondi-cucine.it\/wp-content\/uploads\/cucina-componibile-mare-3.jpg","datePublished":"2017-05-11T11:10:50+00:00","dateModified":"2018-10-20T11:20:29+00:00","description":"Arredamento su misura e produzione cucine country. Arredamento moderno e vendita mobili cucina. Arredamento mobili componibili cucina e mobili bar.","breadcrumb":{"@id":"https:\/\/www.raimondi-cucine.it\/it\/vendita-cucine-moderne-sicilia\/cucina-moderna-mare\/#breadcrumb"},"inLanguage":"it-IT","potentialAction":[{"@type":"ReadAction","target":["https:\/\/www.raimondi-cucine.it\/it\/vendita-cucine-moderne-sicilia\/cucina-moderna-mare\/"]}]},{"@type":"ImageObject","inLanguage":"it-IT","@id":"https:\/\/www.raimondi-cucine.it\/it\/vendita-cucine-moderne-sicilia\/cucina-moderna-mare\/#primaryimage","url":"https:\/\/www.raimondi-cucine.it\/wp-content\/uploads\/cucina-componibile-mare-3.jpg","contentUrl":"https:\/\/www.raimondi-cucine.it\/wp-content\/uploads\/cucina-componibile-mare-3.jpg","width":1024,"height":602,"caption":"La cucina componibile moderna Mare \u00e8 realizzata con le ante in plexiglass per una maggiore sensazione di trasparenza e limpidezza."},{"@type":"BreadcrumbList","@id":"https:\/\/www.raimondi-cucine.it\/it\/vendita-cucine-moderne-sicilia\/cucina-moderna-mare\/#breadcrumb","itemListElement":[{"@type":"ListItem","position":1,"name":"Home","item":"https:\/\/www.raimondi-cucine.it\/it\/"},{"@type":"ListItem","position":2,"name":"Cucine moderne","item":"https:\/\/www.raimondi-cucine.it\/it\/vendita-cucine-moderne-sicilia\/"},{"@type":"ListItem","position":3,"name":"Cucina moderna Mare"}]},{"@type":"WebSite","@id":"https:\/\/www.raimondi-cucine.it\/it\/#website","url":"https:\/\/www.raimondi-cucine.it\/it\/","name":"Rivenditori cucine Sicilia","description":"Il design che d\u00e0 spazio ai tuoi desideri","publisher":{"@id":"https:\/\/www.raimondi-cucine.it\/it\/#organization"},"potentialAction":[{"@type":"SearchAction","target":{"@type":"EntryPoint","urlTemplate":"https:\/\/www.raimondi-cucine.it\/it\/?s={search_term_string}"},"query-input":"required name=search_term_string"}],"inLanguage":"it-IT"},{"@type":"Organization","@id":"https:\/\/www.raimondi-cucine.it\/it\/#organization","name":"Raimondi Cucine","url":"https:\/\/www.raimondi-cucine.it\/it\/","logo":{"@type":"ImageObject","inLanguage":"it-IT","@id":"https:\/\/www.raimondi-cucine.it\/it\/#\/schema\/logo\/image\/","url":"https:\/\/www.raimondi-cucine.it\/wp-content\/uploads\/banner_email.png","contentUrl":"https:\/\/www.raimondi-cucine.it\/wp-content\/uploads\/banner_email.png","width":560,"height":100,"caption":"Raimondi Cucine"},"image":{"@id":"https:\/\/www.raimondi-cucine.it\/it\/#\/schema\/logo\/image\/"},"sameAs":["https:\/\/www.facebook.com\/raimondicucine\/","https:\/\/www.youtube.com\/channel\/UCJpe1gYYTxKn6GmhBXdMLoA"]}]}},"_links":{"self":[{"href":"https:\/\/www.raimondi-cucine.it\/it\/wp-json\/wp\/v2\/pages\/81\/"}],"collection":[{"href":"https:\/\/www.raimondi-cucine.it\/it\/wp-json\/wp\/v2\/pages\/"}],"about":[{"href":"https:\/\/www.raimondi-cucine.it\/it\/wp-json\/wp\/v2\/types\/page\/"}],"author":[{"embeddable":true,"href":"https:\/\/www.raimondi-cucine.it\/it\/wp-json\/wp\/v2\/users\/2\/"}],"replies":[{"embeddable":true,"href":"https:\/\/www.raimondi-cucine.it\/it\/wp-json\/wp\/v2\/comments\/?post=81"}],"version-history":[{"count":6,"href":"https:\/\/www.raimondi-cucine.it\/it\/wp-json\/wp\/v2\/pages\/81\/revisions\/"}],"predecessor-version":[{"id":1674,"href":"https:\/\/www.raimondi-cucine.it\/it\/wp-json\/wp\/v2\/pages\/81\/revisions\/1674\/"}],"up":[{"embeddable":true,"href":"https:\/\/www.raimondi-cucine.it\/it\/wp-json\/wp\/v2\/pages\/51\/"}],"wp:featuredmedia":[{"embeddable":true,"href":"https:\/\/www.raimondi-cucine.it\/it\/wp-json\/wp\/v2\/media\/2215\/"}],"wp:attachment":[{"href":"https:\/\/www.raimondi-cucine.it\/it\/wp-json\/wp\/v2\/media\/?parent=81"}],"curies":[{"name":"wp","href":"https:\/\/api.w.org\/{rel}","templated":true}]}}