{"id":76,"date":"2017-05-11T11:10:50","date_gmt":"2017-05-11T11:10:50","guid":{"rendered":"https:\/\/www.raimondi-cucine.it\/cucina-moderna-time\/"},"modified":"2018-10-20T11:13:02","modified_gmt":"2018-10-20T11:13:02","slug":"cucina-moderna-time","status":"publish","type":"page","link":"https:\/\/www.raimondi-cucine.it\/it\/vendita-cucine-moderne-sicilia\/cucina-moderna-time\/","title":{"rendered":"Cucina moderna Time"},"content":{"rendered":"<p class=\"abstract\">La <strong>cucina componibile moderna Time <\/strong>\u00e8 disponibile nei seguenti colori: Ciliegio, bianco, avorio, giallo, corda, grigio, antracite, bordeaux, moka.<\/p>\n<div style=\"width: 1034px\" class=\"wp-caption aligncenter\"><img loading=\"lazy\" decoding=\"async\" src=\"https:\/\/www.raimondi-cucine.it\/wp-content\/uploads\/cucina-moderna-time1.jpg\" alt=\"Cucina moderna Time - Cucina componibile\" width=\"1024\" height=\"810\" \/><p class=\"wp-caption-text\">Cucina componibile moderna Time.<\/p><\/div>\n<h2>CUCINA COMPONIBILE TIME &#8211; CARATTERISTICHE TECNICHE<\/h2>\n<ul>\n<li><strong>LA STRUTTURA<\/strong>: \u00e8 realizzata con pannelli di particelle naturali nobilitato spessore 18mm a basso contenuto di formaldeide con bordatura frontale in ABS da mm 1 incollaggio poliuretanico.<\/li>\n<li><strong>LE SCHIENE<\/strong>: sono in fibra di legno nobilitato spessore 3 mm.<\/li>\n<li><strong>IL TOP<\/strong>: \u00e8 realizzato con fibre di legno idrorepellente a caratteristiche standard, disponibile negli spessori 40 o 60 mm con profilo alluminio in tutte le versioni della mazzetta colori top, disponibilit\u00e0 anche top inox.<\/li>\n<li><strong>GLI ZOCCOLI<\/strong>: sono in materiale plastico in diversi colori e finitura alluminio, H 15 cm.<\/li>\n<li><strong>LE ALZATINE<\/strong>: sono costituite da un estruso plastico con frontale in alluminio rivestito con materiale della stessa finitura del top. A richiesta disponibile anche l\u0092alzatina triangolare con finitura alluminio, oppure quadra alluminio.<\/li>\n<li><strong>LE MENSOLE<\/strong>: sono realizzate con pannelli di particelle naturali nobilitato spessore 2,8 cm o laccate.<\/li>\n<li><strong>LE MANIGLIE<\/strong>: passo 160 \u0096 320 mm sono disponibili nei vari modelli con fori centrali sull\u0092anta.<\/li>\n<li><strong>I CASSETTI E I CESTONI<\/strong>: sono con sponde metallo o estrazione totale slow motion con sistema di frizione.<br \/>\nBasi lavello \u0096 colonne per frigo: le basi lavello sono fornite con fondo in ABS e basamento ABS per frigo.<\/li>\n<li><strong>LE CERNIERE<\/strong>: sono ad aggancio automatico regolabili nelle tre direzioni ad apertura 95\u00b0 per tutti gli elementi. Su scolapiatti e colonne ad angolo 180\u00b0.<\/li>\n<li><strong>ANTA<\/strong>: sp. 22 mm impiallacciata ciliegio tinto chiaro o scuro e precomposto rovere tinto chiaro o wengh\u00e8.<\/li>\n<li><strong>ANTA IN MDF<\/strong>: sp.22 mm laccata liscia su 2 lati<\/li>\n<li><strong>ANTA VETRO<\/strong>: sp. 19 mm telaio alluminio satinato con vetro acidato o vetro laccato.<\/li>\n<\/ul>\n<div id=\"attachment_250\" style=\"width: 1034px\" class=\"wp-caption aligncenter\"><img loading=\"lazy\" decoding=\"async\" aria-describedby=\"caption-attachment-250\" class=\"size-full wp-image-250\" src=\"https:\/\/www.raimondi-cucine.it\/wp-content\/uploads\/cucina-moderna-time2.jpg\" alt=\"Cucina moderna dalla forma particolare che non rinuncia per\u00f2 alla praticit\u00e0 ed alla funzionalit\u00e0 quotidiana\" width=\"1024\" height=\"680\" srcset=\"https:\/\/www.raimondi-cucine.it\/wp-content\/uploads\/cucina-moderna-time2.jpg 1024w, https:\/\/www.raimondi-cucine.it\/wp-content\/uploads\/cucina-moderna-time2-300x199.jpg 300w, https:\/\/www.raimondi-cucine.it\/wp-content\/uploads\/cucina-moderna-time2-768x510.jpg 768w\" sizes=\"(max-width: 1024px) 100vw, 1024px\" \/><p id=\"caption-attachment-250\" class=\"wp-caption-text\">Cucina moderna dalla forma particolare che non rinuncia per\u00f2 alla praticit\u00e0 ed alla funzionalit\u00e0 quotidiana.<\/p><\/div>\n<div id=\"attachment_251\" style=\"width: 1034px\" class=\"wp-caption aligncenter\"><img loading=\"lazy\" decoding=\"async\" aria-describedby=\"caption-attachment-251\" class=\"size-full wp-image-251\" src=\"https:\/\/www.raimondi-cucine.it\/wp-content\/uploads\/cucina-moderna-time3.jpg\" alt=\"Cucina moderna con penisola che funge da tavolo e da mobile in un lato\" width=\"1024\" height=\"640\" srcset=\"https:\/\/www.raimondi-cucine.it\/wp-content\/uploads\/cucina-moderna-time3.jpg 1024w, https:\/\/www.raimondi-cucine.it\/wp-content\/uploads\/cucina-moderna-time3-300x188.jpg 300w, https:\/\/www.raimondi-cucine.it\/wp-content\/uploads\/cucina-moderna-time3-768x480.jpg 768w, https:\/\/www.raimondi-cucine.it\/wp-content\/uploads\/cucina-moderna-time3-400x250.jpg 400w\" sizes=\"(max-width: 1024px) 100vw, 1024px\" \/><p id=\"caption-attachment-251\" class=\"wp-caption-text\">Cucina moderna con penisola che funge da tavolo e da mobile in un lato.<\/p><\/div>\n","protected":false},"excerpt":{"rendered":"<p>La cucina componibile moderna Time \u00e8 disponibile nei seguenti colori: Ciliegio, bianco, avorio, giallo, corda, grigio, antracite, bordeaux, moka. CUCINA COMPONIBILE TIME &#8211; CARATTERISTICHE TECNICHE LA STRUTTURA: \u00e8 realizzata con pannelli di particelle naturali nobilitato spessore 18mm a basso contenuto di formaldeide con bordatura frontale in ABS da mm 1 incollaggio poliuretanico. LE SCHIENE: sono [&hellip;]<\/p>\n<div style='clear:both'><\/div><div style=\"float:right\" class='the_champ_sharing_container the_champ_horizontal_sharing' data-super-socializer-href=\"https:\/\/www.raimondi-cucine.it\/it\/vendita-cucine-moderne-sicilia\/cucina-moderna-time\/\"><div class='the_champ_sharing_title' style=\"font-weight:bold\" ><\/div><div class=\"the_champ_sharing_ul\"><a aria-label=\"Facebook\" class=\"the_champ_facebook\" href=\"https:\/\/www.facebook.com\/sharer\/sharer.php?u=https%3A%2F%2Fwww.raimondi-cucine.it%2Fit%2Fvendita-cucine-moderne-sicilia%2Fcucina-moderna-time%2F\" title=\"Facebook\" rel=\"nofollow noopener\" target=\"_blank\" style=\"font-size:24px!important;box-shadow:none;display:inline-block;vertical-align:middle\"><span class=\"the_champ_svg\" style=\"background-color:#3c589a;width:35px;height:35px;border-radius:999px;display:inline-block;opacity:1;float:left;font-size:24px;box-shadow:none;display:inline-block;font-size:16px;padding:0 4px;vertical-align:middle;background-repeat:repeat;overflow:hidden;padding:0;cursor:pointer;box-sizing:content-box\"><svg style=\"display:block;border-radius:999px;\" focusable=\"false\" aria-hidden=\"true\" xmlns=\"http:\/\/www.w3.org\/2000\/svg\" width=\"100%\" height=\"100%\" viewBox=\"-5 -5 42 42\"><path d=\"M17.78 27.5V17.008h3.522l.527-4.09h-4.05v-2.61c0-1.182.33-1.99 2.023-1.99h2.166V4.66c-.375-.05-1.66-.16-3.155-.16-3.123 0-5.26 1.905-5.26 5.405v3.016h-3.53v4.09h3.53V27.5h4.223z\" fill=\"#fff\"><\/path><\/svg><\/span><\/a><a aria-label=\"Print\" class=\"the_champ_button_print\" href=\"https:\/\/www.raimondi-cucine.it\/it\/vendita-cucine-moderne-sicilia\/cucina-moderna-time\/\" onclick=\"event.preventDefault();window.print()\" title=\"Print\" rel=\"nofollow noopener\" style=\"font-size:24px!important;box-shadow:none;display:inline-block;vertical-align:middle\"><span class=\"the_champ_svg the_champ_s__default the_champ_s_print\" style=\"background-color:#fd6500;width:35px;height:35px;border-radius:999px;display:inline-block;opacity:1;float:left;font-size:24px;box-shadow:none;display:inline-block;font-size:16px;padding:0 4px;vertical-align:middle;background-repeat:repeat;overflow:hidden;padding:0;cursor:pointer;box-sizing:content-box\"><svg style=\"display:block;border-radius:999px;\" focusable=\"false\" aria-hidden=\"true\" xmlns=\"http:\/\/www.w3.org\/2000\/svg\" width=\"100%\" height=\"100%\" viewBox=\"-2.8 -4.5 35 35\"><path stroke=\"#fff\" class=\"the_champ_svg_stroke\" d=\"M 7 10 h 2 v 3 h 12 v -3 h 2 v 7 h -2 v -3 h -12 v 3 h -2 z\" stroke-width=\"1\" fill=\"#fff\"><\/path><rect class=\"the_champ_no_fill the_champ_svg_stroke\" stroke=\"#fff\" stroke-width=\"1.8\" height=\"7\" width=\"10\" x=\"10\" y=\"5\" fill=\"none\"><\/rect><rect class=\"the_champ_svg_stroke\" stroke=\"#fff\" stroke-width=\"1\" height=\"5\" width=\"8\" x=\"11\" y=\"16\" fill=\"#fff\"><\/rect><\/svg><\/span><\/a><\/div><\/div><div style='clear:both'><\/div>","protected":false},"author":2,"featured_media":664,"parent":51,"menu_order":0,"comment_status":"open","ping_status":"open","template":"","meta":{"_et_pb_use_builder":"","_et_pb_old_content":"","_et_gb_content_width":"","footnotes":""},"yoast_head":"<!-- This site is optimized with the Yoast SEO plugin v22.7 - https:\/\/yoast.com\/wordpress\/plugins\/seo\/ -->\n<title>Cucina moderna Time - Rivenditori cucine Sicilia<\/title>\n<meta name=\"description\" content=\"Arredamento su misura e produzione cucine country. Arredamento moderno e vendita mobili cucina. Arredamento mobili componibili cucina e mobili bar.\" \/>\n<meta name=\"robots\" content=\"index, follow, max-snippet:-1, max-image-preview:large, max-video-preview:-1\" \/>\n<link rel=\"canonical\" href=\"https:\/\/www.raimondi-cucine.it\/it\/vendita-cucine-moderne-sicilia\/cucina-moderna-time\/\" \/>\n<meta property=\"og:locale\" content=\"it_IT\" \/>\n<meta property=\"og:type\" content=\"article\" \/>\n<meta property=\"og:title\" content=\"Cucina moderna Time - Rivenditori cucine Sicilia\" \/>\n<meta property=\"og:description\" content=\"Arredamento su misura e produzione cucine country. Arredamento moderno e vendita mobili cucina. Arredamento mobili componibili cucina e mobili bar.\" \/>\n<meta property=\"og:url\" content=\"https:\/\/www.raimondi-cucine.it\/it\/vendita-cucine-moderne-sicilia\/cucina-moderna-time\/\" \/>\n<meta property=\"og:site_name\" content=\"Rivenditori cucine Sicilia\" \/>\n<meta property=\"article:publisher\" content=\"https:\/\/www.facebook.com\/raimondicucine\/\" \/>\n<meta property=\"article:modified_time\" content=\"2018-10-20T11:13:02+00:00\" \/>\n<meta property=\"og:image\" content=\"https:\/\/www.raimondi-cucine.it\/wp-content\/uploads\/cucina-moderna-time.jpg\" \/>\n\t<meta property=\"og:image:width\" content=\"1024\" \/>\n\t<meta property=\"og:image:height\" content=\"810\" \/>\n\t<meta property=\"og:image:type\" content=\"image\/jpeg\" \/>\n<meta name=\"twitter:card\" content=\"summary_large_image\" \/>\n<meta name=\"twitter:label1\" content=\"Tempo di lettura stimato\" \/>\n\t<meta name=\"twitter:data1\" content=\"2 minuti\" \/>\n<script type=\"application\/ld+json\" class=\"yoast-schema-graph\">{\"@context\":\"https:\/\/schema.org\",\"@graph\":[{\"@type\":\"WebPage\",\"@id\":\"https:\/\/www.raimondi-cucine.it\/it\/vendita-cucine-moderne-sicilia\/cucina-moderna-time\/\",\"url\":\"https:\/\/www.raimondi-cucine.it\/it\/vendita-cucine-moderne-sicilia\/cucina-moderna-time\/\",\"name\":\"Cucina moderna Time - Rivenditori cucine Sicilia\",\"isPartOf\":{\"@id\":\"https:\/\/www.raimondi-cucine.it\/it\/#website\"},\"primaryImageOfPage\":{\"@id\":\"https:\/\/www.raimondi-cucine.it\/it\/vendita-cucine-moderne-sicilia\/cucina-moderna-time\/#primaryimage\"},\"image\":{\"@id\":\"https:\/\/www.raimondi-cucine.it\/it\/vendita-cucine-moderne-sicilia\/cucina-moderna-time\/#primaryimage\"},\"thumbnailUrl\":\"https:\/\/www.raimondi-cucine.it\/wp-content\/uploads\/cucina-moderna-time.jpg\",\"datePublished\":\"2017-05-11T11:10:50+00:00\",\"dateModified\":\"2018-10-20T11:13:02+00:00\",\"description\":\"Arredamento su misura e produzione cucine country. Arredamento moderno e vendita mobili cucina. Arredamento mobili componibili cucina e mobili bar.\",\"breadcrumb\":{\"@id\":\"https:\/\/www.raimondi-cucine.it\/it\/vendita-cucine-moderne-sicilia\/cucina-moderna-time\/#breadcrumb\"},\"inLanguage\":\"it-IT\",\"potentialAction\":[{\"@type\":\"ReadAction\",\"target\":[\"https:\/\/www.raimondi-cucine.it\/it\/vendita-cucine-moderne-sicilia\/cucina-moderna-time\/\"]}]},{\"@type\":\"ImageObject\",\"inLanguage\":\"it-IT\",\"@id\":\"https:\/\/www.raimondi-cucine.it\/it\/vendita-cucine-moderne-sicilia\/cucina-moderna-time\/#primaryimage\",\"url\":\"https:\/\/www.raimondi-cucine.it\/wp-content\/uploads\/cucina-moderna-time.jpg\",\"contentUrl\":\"https:\/\/www.raimondi-cucine.it\/wp-content\/uploads\/cucina-moderna-time.jpg\",\"width\":1024,\"height\":810,\"caption\":\"Vendita cucine componibili moderne\"},{\"@type\":\"BreadcrumbList\",\"@id\":\"https:\/\/www.raimondi-cucine.it\/it\/vendita-cucine-moderne-sicilia\/cucina-moderna-time\/#breadcrumb\",\"itemListElement\":[{\"@type\":\"ListItem\",\"position\":1,\"name\":\"Home\",\"item\":\"https:\/\/www.raimondi-cucine.it\/it\/\"},{\"@type\":\"ListItem\",\"position\":2,\"name\":\"Cucine moderne\",\"item\":\"https:\/\/www.raimondi-cucine.it\/it\/vendita-cucine-moderne-sicilia\/\"},{\"@type\":\"ListItem\",\"position\":3,\"name\":\"Cucina moderna Time\"}]},{\"@type\":\"WebSite\",\"@id\":\"https:\/\/www.raimondi-cucine.it\/it\/#website\",\"url\":\"https:\/\/www.raimondi-cucine.it\/it\/\",\"name\":\"Rivenditori cucine Sicilia\",\"description\":\"Il design che d\u00e0 spazio ai tuoi desideri\",\"publisher\":{\"@id\":\"https:\/\/www.raimondi-cucine.it\/it\/#organization\"},\"potentialAction\":[{\"@type\":\"SearchAction\",\"target\":{\"@type\":\"EntryPoint\",\"urlTemplate\":\"https:\/\/www.raimondi-cucine.it\/it\/?s={search_term_string}\"},\"query-input\":\"required name=search_term_string\"}],\"inLanguage\":\"it-IT\"},{\"@type\":\"Organization\",\"@id\":\"https:\/\/www.raimondi-cucine.it\/it\/#organization\",\"name\":\"Raimondi Cucine\",\"url\":\"https:\/\/www.raimondi-cucine.it\/it\/\",\"logo\":{\"@type\":\"ImageObject\",\"inLanguage\":\"it-IT\",\"@id\":\"https:\/\/www.raimondi-cucine.it\/it\/#\/schema\/logo\/image\/\",\"url\":\"https:\/\/www.raimondi-cucine.it\/wp-content\/uploads\/banner_email.png\",\"contentUrl\":\"https:\/\/www.raimondi-cucine.it\/wp-content\/uploads\/banner_email.png\",\"width\":560,\"height\":100,\"caption\":\"Raimondi Cucine\"},\"image\":{\"@id\":\"https:\/\/www.raimondi-cucine.it\/it\/#\/schema\/logo\/image\/\"},\"sameAs\":[\"https:\/\/www.facebook.com\/raimondicucine\/\",\"https:\/\/www.youtube.com\/channel\/UCJpe1gYYTxKn6GmhBXdMLoA\"]}]}<\/script>\n<!-- \/ Yoast SEO plugin. -->","yoast_head_json":{"title":"Cucina moderna Time - Rivenditori cucine Sicilia","description":"Arredamento su misura e produzione cucine country. Arredamento moderno e vendita mobili cucina. Arredamento mobili componibili cucina e mobili bar.","robots":{"index":"index","follow":"follow","max-snippet":"max-snippet:-1","max-image-preview":"max-image-preview:large","max-video-preview":"max-video-preview:-1"},"canonical":"https:\/\/www.raimondi-cucine.it\/it\/vendita-cucine-moderne-sicilia\/cucina-moderna-time\/","og_locale":"it_IT","og_type":"article","og_title":"Cucina moderna Time - Rivenditori cucine Sicilia","og_description":"Arredamento su misura e produzione cucine country. Arredamento moderno e vendita mobili cucina. Arredamento mobili componibili cucina e mobili bar.","og_url":"https:\/\/www.raimondi-cucine.it\/it\/vendita-cucine-moderne-sicilia\/cucina-moderna-time\/","og_site_name":"Rivenditori cucine Sicilia","article_publisher":"https:\/\/www.facebook.com\/raimondicucine\/","article_modified_time":"2018-10-20T11:13:02+00:00","og_image":[{"width":1024,"height":810,"url":"https:\/\/www.raimondi-cucine.it\/wp-content\/uploads\/cucina-moderna-time.jpg","type":"image\/jpeg"}],"twitter_card":"summary_large_image","twitter_misc":{"Tempo di lettura stimato":"2 minuti"},"schema":{"@context":"https:\/\/schema.org","@graph":[{"@type":"WebPage","@id":"https:\/\/www.raimondi-cucine.it\/it\/vendita-cucine-moderne-sicilia\/cucina-moderna-time\/","url":"https:\/\/www.raimondi-cucine.it\/it\/vendita-cucine-moderne-sicilia\/cucina-moderna-time\/","name":"Cucina moderna Time - Rivenditori cucine Sicilia","isPartOf":{"@id":"https:\/\/www.raimondi-cucine.it\/it\/#website"},"primaryImageOfPage":{"@id":"https:\/\/www.raimondi-cucine.it\/it\/vendita-cucine-moderne-sicilia\/cucina-moderna-time\/#primaryimage"},"image":{"@id":"https:\/\/www.raimondi-cucine.it\/it\/vendita-cucine-moderne-sicilia\/cucina-moderna-time\/#primaryimage"},"thumbnailUrl":"https:\/\/www.raimondi-cucine.it\/wp-content\/uploads\/cucina-moderna-time.jpg","datePublished":"2017-05-11T11:10:50+00:00","dateModified":"2018-10-20T11:13:02+00:00","description":"Arredamento su misura e produzione cucine country. Arredamento moderno e vendita mobili cucina. Arredamento mobili componibili cucina e mobili bar.","breadcrumb":{"@id":"https:\/\/www.raimondi-cucine.it\/it\/vendita-cucine-moderne-sicilia\/cucina-moderna-time\/#breadcrumb"},"inLanguage":"it-IT","potentialAction":[{"@type":"ReadAction","target":["https:\/\/www.raimondi-cucine.it\/it\/vendita-cucine-moderne-sicilia\/cucina-moderna-time\/"]}]},{"@type":"ImageObject","inLanguage":"it-IT","@id":"https:\/\/www.raimondi-cucine.it\/it\/vendita-cucine-moderne-sicilia\/cucina-moderna-time\/#primaryimage","url":"https:\/\/www.raimondi-cucine.it\/wp-content\/uploads\/cucina-moderna-time.jpg","contentUrl":"https:\/\/www.raimondi-cucine.it\/wp-content\/uploads\/cucina-moderna-time.jpg","width":1024,"height":810,"caption":"Vendita cucine componibili moderne"},{"@type":"BreadcrumbList","@id":"https:\/\/www.raimondi-cucine.it\/it\/vendita-cucine-moderne-sicilia\/cucina-moderna-time\/#breadcrumb","itemListElement":[{"@type":"ListItem","position":1,"name":"Home","item":"https:\/\/www.raimondi-cucine.it\/it\/"},{"@type":"ListItem","position":2,"name":"Cucine moderne","item":"https:\/\/www.raimondi-cucine.it\/it\/vendita-cucine-moderne-sicilia\/"},{"@type":"ListItem","position":3,"name":"Cucina moderna Time"}]},{"@type":"WebSite","@id":"https:\/\/www.raimondi-cucine.it\/it\/#website","url":"https:\/\/www.raimondi-cucine.it\/it\/","name":"Rivenditori cucine Sicilia","description":"Il design che d\u00e0 spazio ai tuoi desideri","publisher":{"@id":"https:\/\/www.raimondi-cucine.it\/it\/#organization"},"potentialAction":[{"@type":"SearchAction","target":{"@type":"EntryPoint","urlTemplate":"https:\/\/www.raimondi-cucine.it\/it\/?s={search_term_string}"},"query-input":"required name=search_term_string"}],"inLanguage":"it-IT"},{"@type":"Organization","@id":"https:\/\/www.raimondi-cucine.it\/it\/#organization","name":"Raimondi Cucine","url":"https:\/\/www.raimondi-cucine.it\/it\/","logo":{"@type":"ImageObject","inLanguage":"it-IT","@id":"https:\/\/www.raimondi-cucine.it\/it\/#\/schema\/logo\/image\/","url":"https:\/\/www.raimondi-cucine.it\/wp-content\/uploads\/banner_email.png","contentUrl":"https:\/\/www.raimondi-cucine.it\/wp-content\/uploads\/banner_email.png","width":560,"height":100,"caption":"Raimondi Cucine"},"image":{"@id":"https:\/\/www.raimondi-cucine.it\/it\/#\/schema\/logo\/image\/"},"sameAs":["https:\/\/www.facebook.com\/raimondicucine\/","https:\/\/www.youtube.com\/channel\/UCJpe1gYYTxKn6GmhBXdMLoA"]}]}},"_links":{"self":[{"href":"https:\/\/www.raimondi-cucine.it\/it\/wp-json\/wp\/v2\/pages\/76\/"}],"collection":[{"href":"https:\/\/www.raimondi-cucine.it\/it\/wp-json\/wp\/v2\/pages\/"}],"about":[{"href":"https:\/\/www.raimondi-cucine.it\/it\/wp-json\/wp\/v2\/types\/page\/"}],"author":[{"embeddable":true,"href":"https:\/\/www.raimondi-cucine.it\/it\/wp-json\/wp\/v2\/users\/2\/"}],"replies":[{"embeddable":true,"href":"https:\/\/www.raimondi-cucine.it\/it\/wp-json\/wp\/v2\/comments\/?post=76"}],"version-history":[{"count":6,"href":"https:\/\/www.raimondi-cucine.it\/it\/wp-json\/wp\/v2\/pages\/76\/revisions\/"}],"predecessor-version":[{"id":1669,"href":"https:\/\/www.raimondi-cucine.it\/it\/wp-json\/wp\/v2\/pages\/76\/revisions\/1669\/"}],"up":[{"embeddable":true,"href":"https:\/\/www.raimondi-cucine.it\/it\/wp-json\/wp\/v2\/pages\/51\/"}],"wp:featuredmedia":[{"embeddable":true,"href":"https:\/\/www.raimondi-cucine.it\/it\/wp-json\/wp\/v2\/media\/664\/"}],"wp:attachment":[{"href":"https:\/\/www.raimondi-cucine.it\/it\/wp-json\/wp\/v2\/media\/?parent=76"}],"curies":[{"name":"wp","href":"https:\/\/api.w.org\/{rel}","templated":true}]}}