{"id":52,"date":"2017-06-01T00:00:49","date_gmt":"2017-06-01T00:00:49","guid":{"rendered":"https:\/\/www.raimondi-cucine.it\/cucine-finta-muratura\/"},"modified":"2018-10-15T17:03:03","modified_gmt":"2018-10-15T17:03:03","slug":"realizzazione-cucine-finta-muratura-sicilia","status":"publish","type":"page","link":"https:\/\/www.raimondi-cucine.it\/it\/realizzazione-cucine-finta-muratura-sicilia\/","title":{"rendered":"Cucine finta muratura"},"content":{"rendered":"<p class=\"abstract\">Le <strong>cucine in finta muratura<\/strong> sono l&#8217;ideale per chi desidera una soluzione su misura, economica e facilmente modificabile.<br \/>\nRaimondi propone <strong>cucine in muratura<\/strong> con soluzioni innovative per adattare questa tipologia di <em>cucine componibili<\/em> anche alle moderne abitazioni.<\/p>\n<div id=\"attachment_1786\" style=\"width: 1910px\" class=\"wp-caption aligncenter\"><img loading=\"lazy\" decoding=\"async\" aria-describedby=\"caption-attachment-1786\" class=\"size-full wp-image-1786\" src=\"https:\/\/www.raimondi-cucine.it\/wp-content\/uploads\/lavabo_ripiani_piastrelle_Tosca07.png\" alt=\"Lavabo a due vasche in stile rustico abbinato alla cucina componibile in finta muratura - Tosca\" width=\"1900\" height=\"1262\" srcset=\"https:\/\/www.raimondi-cucine.it\/wp-content\/uploads\/lavabo_ripiani_piastrelle_Tosca07.png 1900w, https:\/\/www.raimondi-cucine.it\/wp-content\/uploads\/lavabo_ripiani_piastrelle_Tosca07-300x199.png 300w, https:\/\/www.raimondi-cucine.it\/wp-content\/uploads\/lavabo_ripiani_piastrelle_Tosca07-768x510.png 768w, https:\/\/www.raimondi-cucine.it\/wp-content\/uploads\/lavabo_ripiani_piastrelle_Tosca07-1024x680.png 1024w, https:\/\/www.raimondi-cucine.it\/wp-content\/uploads\/lavabo_ripiani_piastrelle_Tosca07-1080x717.png 1080w\" sizes=\"(max-width: 1900px) 100vw, 1900px\" \/><p id=\"caption-attachment-1786\" class=\"wp-caption-text\">Lavabo a due vasche in stile rustico abbinato alla cucina componibile in finta muratura &#8211; Tosca<\/p><\/div>\n<p>I materiali impiegati per le cucine in muratura e le cucine in finta muratura sono il <em>legno<\/em>, <em>piastrelle<\/em>, <em>gres porcellanato<\/em>, <em>marmo<\/em> e i <em>mattoni rossi<\/em> che esaltano la solidit\u00e0 della muratura e la dimensione estetica.<\/p>\n\n<!-- Page-list plugin v.5.6 wordpress.org\/plugins\/page-list\/ -->\n<div class=\"page-list page-list-ext \">\n<div class=\"page-list-ext-item\"><div class=\"page-list-ext-image\"><a href=\"https:\/\/www.raimondi-cucine.it\/it\/realizzazione-cucine-finta-muratura-sicilia\/vendita-cucina-finta-muratura-tosca-castagno\/\" title=\"Cucina finta muratura Tosca - Castagno\"><img decoding=\"async\" src=\"https:\/\/www.raimondi-cucine.it\/wp-content\/uploads\/cucina-finta-muratura-tosca-300x300.jpg\" width=\"150\" alt=\"Cucina finta muratura Tosca - Castagno\" \/><\/a><\/div> <h3 class=\"page-list-ext-title\"><a href=\"https:\/\/www.raimondi-cucine.it\/it\/realizzazione-cucine-finta-muratura-sicilia\/vendita-cucina-finta-muratura-tosca-castagno\/\" title=\"Cucina finta muratura Tosca - Castagno\">Cucina finta muratura Tosca - Castagno<\/a><\/h3><div class=\"page-list-ext-item-content\">La cucina componibile in finta muratura Tosca - Castagno  \u00e8 disponibile nei seguenti colori: decap\u00e9 avorio, decap\u00e9 azzurro, castagno, noce. \r\n\r\n\r\n\r\nCucina su misura Tosca - Castagno in vendita da Raimondi cucine Sicilia   \r\n\r\nCucina componibile finta mu...<\/div><\/div>\n<div class=\"page-list-ext-item\"><div class=\"page-list-ext-image\"><a href=\"https:\/\/www.raimondi-cucine.it\/it\/realizzazione-cucine-finta-muratura-sicilia\/cucina-finta-muratura-tosca\/\" title=\"Cucina finta muratura Tosca\"><img decoding=\"async\" src=\"https:\/\/www.raimondi-cucine.it\/wp-content\/uploads\/cuicna_componibile_finta_muratura_Tosca_09-150x150.png\" width=\"150\" alt=\"Cucina finta muratura Tosca\" \/><\/a><\/div> <h3 class=\"page-list-ext-title\"><a href=\"https:\/\/www.raimondi-cucine.it\/it\/realizzazione-cucine-finta-muratura-sicilia\/cucina-finta-muratura-tosca\/\" title=\"Cucina finta muratura Tosca\">Cucina finta muratura Tosca<\/a><\/h3><div class=\"page-list-ext-item-content\">Da qualche anno ormai, nel nostro paese si sta riaffacciando il mito della cucina in muratura, rivincita della tradizione dove linee e materiali concorrono nel creare atmosfere speciali. Un ideale di classe, forza ed eleganza nel mondo del nuovo arredamento...<\/div><\/div>\n\n<\/div>\n","protected":false},"excerpt":{"rendered":"<p>Le cucine in finta muratura sono l&#8217;ideale per chi desidera una soluzione su misura, economica e facilmente modificabile. Raimondi propone cucine in muratura con soluzioni innovative per adattare questa tipologia di cucine componibili anche alle moderne abitazioni. I materiali impiegati per le cucine in muratura e le cucine in finta muratura sono il legno, piastrelle, [&hellip;]<\/p>\n<div style='clear:both'><\/div><div style=\"float:right\" class='the_champ_sharing_container the_champ_horizontal_sharing' data-super-socializer-href=\"https:\/\/www.raimondi-cucine.it\/it\/realizzazione-cucine-finta-muratura-sicilia\/\"><div class='the_champ_sharing_title' style=\"font-weight:bold\" ><\/div><div class=\"the_champ_sharing_ul\"><a aria-label=\"Facebook\" class=\"the_champ_facebook\" href=\"https:\/\/www.facebook.com\/sharer\/sharer.php?u=https%3A%2F%2Fwww.raimondi-cucine.it%2Fit%2Frealizzazione-cucine-finta-muratura-sicilia%2F\" title=\"Facebook\" rel=\"nofollow noopener\" target=\"_blank\" style=\"font-size:24px!important;box-shadow:none;display:inline-block;vertical-align:middle\"><span class=\"the_champ_svg\" style=\"background-color:#3c589a;width:35px;height:35px;border-radius:999px;display:inline-block;opacity:1;float:left;font-size:24px;box-shadow:none;display:inline-block;font-size:16px;padding:0 4px;vertical-align:middle;background-repeat:repeat;overflow:hidden;padding:0;cursor:pointer;box-sizing:content-box\"><svg style=\"display:block;border-radius:999px;\" focusable=\"false\" aria-hidden=\"true\" xmlns=\"http:\/\/www.w3.org\/2000\/svg\" width=\"100%\" height=\"100%\" viewBox=\"-5 -5 42 42\"><path d=\"M17.78 27.5V17.008h3.522l.527-4.09h-4.05v-2.61c0-1.182.33-1.99 2.023-1.99h2.166V4.66c-.375-.05-1.66-.16-3.155-.16-3.123 0-5.26 1.905-5.26 5.405v3.016h-3.53v4.09h3.53V27.5h4.223z\" fill=\"#fff\"><\/path><\/svg><\/span><\/a><a aria-label=\"Print\" class=\"the_champ_button_print\" href=\"https:\/\/www.raimondi-cucine.it\/it\/realizzazione-cucine-finta-muratura-sicilia\/\" onclick=\"event.preventDefault();window.print()\" title=\"Print\" rel=\"nofollow noopener\" style=\"font-size:24px!important;box-shadow:none;display:inline-block;vertical-align:middle\"><span class=\"the_champ_svg the_champ_s__default the_champ_s_print\" style=\"background-color:#fd6500;width:35px;height:35px;border-radius:999px;display:inline-block;opacity:1;float:left;font-size:24px;box-shadow:none;display:inline-block;font-size:16px;padding:0 4px;vertical-align:middle;background-repeat:repeat;overflow:hidden;padding:0;cursor:pointer;box-sizing:content-box\"><svg style=\"display:block;border-radius:999px;\" focusable=\"false\" aria-hidden=\"true\" xmlns=\"http:\/\/www.w3.org\/2000\/svg\" width=\"100%\" height=\"100%\" viewBox=\"-2.8 -4.5 35 35\"><path stroke=\"#fff\" class=\"the_champ_svg_stroke\" d=\"M 7 10 h 2 v 3 h 12 v -3 h 2 v 7 h -2 v -3 h -12 v 3 h -2 z\" stroke-width=\"1\" fill=\"#fff\"><\/path><rect class=\"the_champ_no_fill the_champ_svg_stroke\" stroke=\"#fff\" stroke-width=\"1.8\" height=\"7\" width=\"10\" x=\"10\" y=\"5\" fill=\"none\"><\/rect><rect class=\"the_champ_svg_stroke\" stroke=\"#fff\" stroke-width=\"1\" height=\"5\" width=\"8\" x=\"11\" y=\"16\" fill=\"#fff\"><\/rect><\/svg><\/span><\/a><\/div><\/div><div style='clear:both'><\/div>","protected":false},"author":2,"featured_media":0,"parent":0,"menu_order":0,"comment_status":"open","ping_status":"open","template":"","meta":{"_et_pb_use_builder":"","_et_pb_old_content":"","_et_gb_content_width":"","footnotes":""},"yoast_head":"<!-- This site is optimized with the Yoast SEO plugin v22.7 - https:\/\/yoast.com\/wordpress\/plugins\/seo\/ -->\n<title>Cucine finta muratura - Rivenditori cucine Sicilia<\/title>\n<meta name=\"description\" content=\"Realizzazione cucine finta muratura Sicilia. Produzione e vendita cucine componibili in muratura. Cucine muratura moderne e arredi mobili muratura.\" \/>\n<meta name=\"robots\" content=\"index, follow, max-snippet:-1, max-image-preview:large, max-video-preview:-1\" \/>\n<link rel=\"canonical\" href=\"https:\/\/www.raimondi-cucine.it\/it\/realizzazione-cucine-finta-muratura-sicilia\/\" \/>\n<meta property=\"og:locale\" content=\"it_IT\" \/>\n<meta property=\"og:type\" content=\"article\" \/>\n<meta property=\"og:title\" content=\"Cucine finta muratura - Rivenditori cucine Sicilia\" \/>\n<meta property=\"og:description\" content=\"Realizzazione cucine finta muratura Sicilia. Produzione e vendita cucine componibili in muratura. Cucine muratura moderne e arredi mobili muratura.\" \/>\n<meta property=\"og:url\" content=\"https:\/\/www.raimondi-cucine.it\/it\/realizzazione-cucine-finta-muratura-sicilia\/\" \/>\n<meta property=\"og:site_name\" content=\"Rivenditori cucine Sicilia\" \/>\n<meta property=\"article:publisher\" content=\"https:\/\/www.facebook.com\/raimondicucine\/\" \/>\n<meta property=\"article:modified_time\" content=\"2018-10-15T17:03:03+00:00\" \/>\n<meta property=\"og:image\" content=\"https:\/\/www.raimondi-cucine.it\/wp-content\/uploads\/lavabo_ripiani_piastrelle_Tosca07.png\" \/>\n<meta name=\"twitter:card\" content=\"summary_large_image\" \/>\n<meta name=\"twitter:label1\" content=\"Tempo di lettura stimato\" \/>\n\t<meta name=\"twitter:data1\" content=\"1 minuto\" \/>\n<script type=\"application\/ld+json\" class=\"yoast-schema-graph\">{\"@context\":\"https:\/\/schema.org\",\"@graph\":[{\"@type\":\"WebPage\",\"@id\":\"https:\/\/www.raimondi-cucine.it\/it\/realizzazione-cucine-finta-muratura-sicilia\/\",\"url\":\"https:\/\/www.raimondi-cucine.it\/it\/realizzazione-cucine-finta-muratura-sicilia\/\",\"name\":\"Cucine finta muratura - Rivenditori cucine Sicilia\",\"isPartOf\":{\"@id\":\"https:\/\/www.raimondi-cucine.it\/it\/#website\"},\"primaryImageOfPage\":{\"@id\":\"https:\/\/www.raimondi-cucine.it\/it\/realizzazione-cucine-finta-muratura-sicilia\/#primaryimage\"},\"image\":{\"@id\":\"https:\/\/www.raimondi-cucine.it\/it\/realizzazione-cucine-finta-muratura-sicilia\/#primaryimage\"},\"thumbnailUrl\":\"https:\/\/www.raimondi-cucine.it\/wp-content\/uploads\/lavabo_ripiani_piastrelle_Tosca07.png\",\"datePublished\":\"2017-06-01T00:00:49+00:00\",\"dateModified\":\"2018-10-15T17:03:03+00:00\",\"description\":\"Realizzazione cucine finta muratura Sicilia. Produzione e vendita cucine componibili in muratura. Cucine muratura moderne e arredi mobili muratura.\",\"breadcrumb\":{\"@id\":\"https:\/\/www.raimondi-cucine.it\/it\/realizzazione-cucine-finta-muratura-sicilia\/#breadcrumb\"},\"inLanguage\":\"it-IT\",\"potentialAction\":[{\"@type\":\"ReadAction\",\"target\":[\"https:\/\/www.raimondi-cucine.it\/it\/realizzazione-cucine-finta-muratura-sicilia\/\"]}]},{\"@type\":\"ImageObject\",\"inLanguage\":\"it-IT\",\"@id\":\"https:\/\/www.raimondi-cucine.it\/it\/realizzazione-cucine-finta-muratura-sicilia\/#primaryimage\",\"url\":\"https:\/\/www.raimondi-cucine.it\/wp-content\/uploads\/lavabo_ripiani_piastrelle_Tosca07.png\",\"contentUrl\":\"https:\/\/www.raimondi-cucine.it\/wp-content\/uploads\/lavabo_ripiani_piastrelle_Tosca07.png\"},{\"@type\":\"BreadcrumbList\",\"@id\":\"https:\/\/www.raimondi-cucine.it\/it\/realizzazione-cucine-finta-muratura-sicilia\/#breadcrumb\",\"itemListElement\":[{\"@type\":\"ListItem\",\"position\":1,\"name\":\"Home\",\"item\":\"https:\/\/www.raimondi-cucine.it\/it\/\"},{\"@type\":\"ListItem\",\"position\":2,\"name\":\"Cucine finta muratura\"}]},{\"@type\":\"WebSite\",\"@id\":\"https:\/\/www.raimondi-cucine.it\/it\/#website\",\"url\":\"https:\/\/www.raimondi-cucine.it\/it\/\",\"name\":\"Rivenditori cucine Sicilia\",\"description\":\"Il design che d\u00e0 spazio ai tuoi desideri\",\"publisher\":{\"@id\":\"https:\/\/www.raimondi-cucine.it\/it\/#organization\"},\"potentialAction\":[{\"@type\":\"SearchAction\",\"target\":{\"@type\":\"EntryPoint\",\"urlTemplate\":\"https:\/\/www.raimondi-cucine.it\/it\/?s={search_term_string}\"},\"query-input\":\"required name=search_term_string\"}],\"inLanguage\":\"it-IT\"},{\"@type\":\"Organization\",\"@id\":\"https:\/\/www.raimondi-cucine.it\/it\/#organization\",\"name\":\"Raimondi Cucine\",\"url\":\"https:\/\/www.raimondi-cucine.it\/it\/\",\"logo\":{\"@type\":\"ImageObject\",\"inLanguage\":\"it-IT\",\"@id\":\"https:\/\/www.raimondi-cucine.it\/it\/#\/schema\/logo\/image\/\",\"url\":\"https:\/\/www.raimondi-cucine.it\/wp-content\/uploads\/banner_email.png\",\"contentUrl\":\"https:\/\/www.raimondi-cucine.it\/wp-content\/uploads\/banner_email.png\",\"width\":560,\"height\":100,\"caption\":\"Raimondi Cucine\"},\"image\":{\"@id\":\"https:\/\/www.raimondi-cucine.it\/it\/#\/schema\/logo\/image\/\"},\"sameAs\":[\"https:\/\/www.facebook.com\/raimondicucine\/\",\"https:\/\/www.youtube.com\/channel\/UCJpe1gYYTxKn6GmhBXdMLoA\"]}]}<\/script>\n<!-- \/ Yoast SEO plugin. -->","yoast_head_json":{"title":"Cucine finta muratura - Rivenditori cucine Sicilia","description":"Realizzazione cucine finta muratura Sicilia. Produzione e vendita cucine componibili in muratura. Cucine muratura moderne e arredi mobili muratura.","robots":{"index":"index","follow":"follow","max-snippet":"max-snippet:-1","max-image-preview":"max-image-preview:large","max-video-preview":"max-video-preview:-1"},"canonical":"https:\/\/www.raimondi-cucine.it\/it\/realizzazione-cucine-finta-muratura-sicilia\/","og_locale":"it_IT","og_type":"article","og_title":"Cucine finta muratura - Rivenditori cucine Sicilia","og_description":"Realizzazione cucine finta muratura Sicilia. Produzione e vendita cucine componibili in muratura. Cucine muratura moderne e arredi mobili muratura.","og_url":"https:\/\/www.raimondi-cucine.it\/it\/realizzazione-cucine-finta-muratura-sicilia\/","og_site_name":"Rivenditori cucine Sicilia","article_publisher":"https:\/\/www.facebook.com\/raimondicucine\/","article_modified_time":"2018-10-15T17:03:03+00:00","og_image":[{"url":"https:\/\/www.raimondi-cucine.it\/wp-content\/uploads\/lavabo_ripiani_piastrelle_Tosca07.png"}],"twitter_card":"summary_large_image","twitter_misc":{"Tempo di lettura stimato":"1 minuto"},"schema":{"@context":"https:\/\/schema.org","@graph":[{"@type":"WebPage","@id":"https:\/\/www.raimondi-cucine.it\/it\/realizzazione-cucine-finta-muratura-sicilia\/","url":"https:\/\/www.raimondi-cucine.it\/it\/realizzazione-cucine-finta-muratura-sicilia\/","name":"Cucine finta muratura - Rivenditori cucine Sicilia","isPartOf":{"@id":"https:\/\/www.raimondi-cucine.it\/it\/#website"},"primaryImageOfPage":{"@id":"https:\/\/www.raimondi-cucine.it\/it\/realizzazione-cucine-finta-muratura-sicilia\/#primaryimage"},"image":{"@id":"https:\/\/www.raimondi-cucine.it\/it\/realizzazione-cucine-finta-muratura-sicilia\/#primaryimage"},"thumbnailUrl":"https:\/\/www.raimondi-cucine.it\/wp-content\/uploads\/lavabo_ripiani_piastrelle_Tosca07.png","datePublished":"2017-06-01T00:00:49+00:00","dateModified":"2018-10-15T17:03:03+00:00","description":"Realizzazione cucine finta muratura Sicilia. Produzione e vendita cucine componibili in muratura. Cucine muratura moderne e arredi mobili muratura.","breadcrumb":{"@id":"https:\/\/www.raimondi-cucine.it\/it\/realizzazione-cucine-finta-muratura-sicilia\/#breadcrumb"},"inLanguage":"it-IT","potentialAction":[{"@type":"ReadAction","target":["https:\/\/www.raimondi-cucine.it\/it\/realizzazione-cucine-finta-muratura-sicilia\/"]}]},{"@type":"ImageObject","inLanguage":"it-IT","@id":"https:\/\/www.raimondi-cucine.it\/it\/realizzazione-cucine-finta-muratura-sicilia\/#primaryimage","url":"https:\/\/www.raimondi-cucine.it\/wp-content\/uploads\/lavabo_ripiani_piastrelle_Tosca07.png","contentUrl":"https:\/\/www.raimondi-cucine.it\/wp-content\/uploads\/lavabo_ripiani_piastrelle_Tosca07.png"},{"@type":"BreadcrumbList","@id":"https:\/\/www.raimondi-cucine.it\/it\/realizzazione-cucine-finta-muratura-sicilia\/#breadcrumb","itemListElement":[{"@type":"ListItem","position":1,"name":"Home","item":"https:\/\/www.raimondi-cucine.it\/it\/"},{"@type":"ListItem","position":2,"name":"Cucine finta muratura"}]},{"@type":"WebSite","@id":"https:\/\/www.raimondi-cucine.it\/it\/#website","url":"https:\/\/www.raimondi-cucine.it\/it\/","name":"Rivenditori cucine Sicilia","description":"Il design che d\u00e0 spazio ai tuoi desideri","publisher":{"@id":"https:\/\/www.raimondi-cucine.it\/it\/#organization"},"potentialAction":[{"@type":"SearchAction","target":{"@type":"EntryPoint","urlTemplate":"https:\/\/www.raimondi-cucine.it\/it\/?s={search_term_string}"},"query-input":"required name=search_term_string"}],"inLanguage":"it-IT"},{"@type":"Organization","@id":"https:\/\/www.raimondi-cucine.it\/it\/#organization","name":"Raimondi Cucine","url":"https:\/\/www.raimondi-cucine.it\/it\/","logo":{"@type":"ImageObject","inLanguage":"it-IT","@id":"https:\/\/www.raimondi-cucine.it\/it\/#\/schema\/logo\/image\/","url":"https:\/\/www.raimondi-cucine.it\/wp-content\/uploads\/banner_email.png","contentUrl":"https:\/\/www.raimondi-cucine.it\/wp-content\/uploads\/banner_email.png","width":560,"height":100,"caption":"Raimondi Cucine"},"image":{"@id":"https:\/\/www.raimondi-cucine.it\/it\/#\/schema\/logo\/image\/"},"sameAs":["https:\/\/www.facebook.com\/raimondicucine\/","https:\/\/www.youtube.com\/channel\/UCJpe1gYYTxKn6GmhBXdMLoA"]}]}},"_links":{"self":[{"href":"https:\/\/www.raimondi-cucine.it\/it\/wp-json\/wp\/v2\/pages\/52\/"}],"collection":[{"href":"https:\/\/www.raimondi-cucine.it\/it\/wp-json\/wp\/v2\/pages\/"}],"about":[{"href":"https:\/\/www.raimondi-cucine.it\/it\/wp-json\/wp\/v2\/types\/page\/"}],"author":[{"embeddable":true,"href":"https:\/\/www.raimondi-cucine.it\/it\/wp-json\/wp\/v2\/users\/2\/"}],"replies":[{"embeddable":true,"href":"https:\/\/www.raimondi-cucine.it\/it\/wp-json\/wp\/v2\/comments\/?post=52"}],"version-history":[{"count":15,"href":"https:\/\/www.raimondi-cucine.it\/it\/wp-json\/wp\/v2\/pages\/52\/revisions\/"}],"predecessor-version":[{"id":2175,"href":"https:\/\/www.raimondi-cucine.it\/it\/wp-json\/wp\/v2\/pages\/52\/revisions\/2175\/"}],"wp:attachment":[{"href":"https:\/\/www.raimondi-cucine.it\/it\/wp-json\/wp\/v2\/media\/?parent=52"}],"curies":[{"name":"wp","href":"https:\/\/api.w.org\/{rel}","templated":true}]}}