{"id":2092,"date":"2018-10-06T11:00:44","date_gmt":"2018-10-06T11:00:44","guid":{"rendered":"https:\/\/www.raimondi-cucine.it\/?page_id=2092"},"modified":"2018-10-20T08:42:37","modified_gmt":"2018-10-20T08:42:37","slug":"cucina-moderna-urban-kore2","status":"publish","type":"page","link":"https:\/\/www.raimondi-cucine.it\/it\/vendita-cucine-moderne-sicilia\/cucina-moderna-urban-kore2\/","title":{"rendered":"Cucina moderna in stile Urban &#8211; Kore2"},"content":{"rendered":"<p class=\"abstract\"><strong>Colori caldi con stile urban<\/strong>, <strong>Kore2<\/strong> nasce dall\u2019idea di progettare un modello raffinato e nel tempo stesso movimentato da elementi irregolari, ma che, non tralasciano quello che \u00e8 il <strong>comfort in cucina<\/strong>.<\/p>\n<div id=\"attachment_2104\" style=\"width: 1610px\" class=\"wp-caption aligncenter\"><img decoding=\"async\" aria-describedby=\"caption-attachment-2104\" class=\"size-full wp-image-2104\" src=\"https:\/\/www.raimondi-cucine.it\/wp-content\/uploads\/cucina_urban_kore2_04.jpg\" alt=\"La cucina componibile pu\u00f2 essere personalizzata secondo le proprie esigenze e necessit\u00e0 di utilizzo. L'innovazione, la disposizione degli attrrezzi da cucina e la qualit\u00e0 dei materiali sono elementi che contraddistinguono questo mobile di arredo contemporaneo.\" width=\"1600\" srcset=\"https:\/\/www.raimondi-cucine.it\/wp-content\/uploads\/cucina_urban_kore2_04.jpg 1200w, https:\/\/www.raimondi-cucine.it\/wp-content\/uploads\/cucina_urban_kore2_04-450x309.jpg 450w, https:\/\/www.raimondi-cucine.it\/wp-content\/uploads\/cucina_urban_kore2_04-768x527.jpg 768w, https:\/\/www.raimondi-cucine.it\/wp-content\/uploads\/cucina_urban_kore2_04-1024x703.jpg 1024w, https:\/\/www.raimondi-cucine.it\/wp-content\/uploads\/cucina_urban_kore2_04-1080x742.jpg 1080w\" sizes=\"(max-width: 1200px) 100vw, 1200px\" \/><p id=\"caption-attachment-2104\" class=\"wp-caption-text\">La cucina componibile pu\u00f2 essere personalizzata secondo le proprie esigenze e necessit\u00e0 di utilizzo. L&#8217;innovazione, la disposizione degli attrrezzi da cucina e la qualit\u00e0 dei materiali sono elementi che contraddistinguono questo mobile di arredo contemporaneo.<\/p><\/div>\n<h2>Cucina componibile Kore2 in vendita da <strong>Raimondi <a title=\"Vendita cucine componibili in Sicilia \/\/ Scopri come raggiuingere o contattare lo showroom Raimondi cucine\" href=\"https:\/\/www.raimondi-cucine.it\/vendita-cucine-componibili-sicilia\/\" target=\"_blank\" rel=\"noopener noreferrer\">cucine Sicilia<\/a><\/strong><\/h2>\n<div class=\"et_pb_slider et_pb_slider_fullwidth_off et_pb_gallery_post_type\">\n\t\t\t\t<div class=\"et_pb_slides\">\n\t\t\t\t\t<div class=\"et_pb_slide\" style=\"background: url(https:\/\/www.raimondi-cucine.it\/wp-content\/uploads\/cucina_urban_kore2_01.jpg);\"><\/div><div class=\"et_pb_slide\" style=\"background: url(https:\/\/www.raimondi-cucine.it\/wp-content\/uploads\/cucina_urban_kore2_06.jpg);\"><\/div><div class=\"et_pb_slide\" style=\"background: url(https:\/\/www.raimondi-cucine.it\/wp-content\/uploads\/cucina_urban_kore2_05.jpg);\"><\/div><div class=\"et_pb_slide\" style=\"background: url(https:\/\/www.raimondi-cucine.it\/wp-content\/uploads\/cucina_urban_kore2_03.jpg);\"><\/div><div class=\"et_pb_slide\" style=\"background: url(https:\/\/www.raimondi-cucine.it\/wp-content\/uploads\/cucina_urban_kore2_07.jpg);\"><\/div><div class=\"et_pb_slide\" style=\"background: url(https:\/\/www.raimondi-cucine.it\/wp-content\/uploads\/cucina_urban_kore2_02.jpg);\"><\/div><div class=\"et_pb_slide\" style=\"background: url(https:\/\/www.raimondi-cucine.it\/wp-content\/uploads\/cucina_urban_kore2_04.jpg);\"><\/div>\n\t\t\t\t<\/div>\n\t\t\t<\/div>\n<p>Modello dal genere moderno, studiato dando vita a tutti quei colori che richiamano il vissuto, danno vita all\u2019ambiente dove risiedono, rendono l\u2019impatto visivo accogliente e pratico. Il modello si presenta nel totale dell\u2019innovazione con <strong>materiali di nuova tendenza<\/strong>, come il <strong><em>Top piano lavoro in stratificato di Fenix<\/em><\/strong> 8 mm di spessore colore nero opaco, resistente ai graffi superficiali, all\u2019urto e ai liquidi,<\/p>\n<p>Le <strong>ante in effetto cemento<\/strong> spessore 19 mm per le basi e in <strong>vetro bianco lucido per i pensili<\/strong>.<\/p>\n<p><strong>Cantina vino a nido d\u2019ape<\/strong>, con sistema modulare e altro particolare il sistema boisystem, boiserie di raccordo tra base e pensile che sfrutta tutto lo spazio fino ad ora mai utilizzato, consente di avere tutto il necessario a portata di mano e velocemente. Attrezzato di porta bicchieri, porta stoviglie e porta barattoli. <strong>Completamente personalizzabile<\/strong>.<\/p>\n","protected":false},"excerpt":{"rendered":"<p>Colori caldi con stile urban, Kore2 nasce dall\u2019idea di progettare un modello raffinato e nel tempo stesso movimentato da elementi irregolari, ma che, non tralasciano quello che \u00e8 il comfort in cucina. Cucina componibile Kore2 in vendita da Raimondi cucine Sicilia Modello dal genere moderno, studiato dando vita a tutti quei colori che richiamano il [&hellip;]<\/p>\n<div style='clear:both'><\/div><div style=\"float:right\" class='the_champ_sharing_container the_champ_horizontal_sharing' data-super-socializer-href=\"https:\/\/www.raimondi-cucine.it\/it\/vendita-cucine-moderne-sicilia\/cucina-moderna-urban-kore2\/\"><div class='the_champ_sharing_title' style=\"font-weight:bold\" ><\/div><div class=\"the_champ_sharing_ul\"><a aria-label=\"Facebook\" class=\"the_champ_facebook\" href=\"https:\/\/www.facebook.com\/sharer\/sharer.php?u=https%3A%2F%2Fwww.raimondi-cucine.it%2Fit%2Fvendita-cucine-moderne-sicilia%2Fcucina-moderna-urban-kore2%2F\" title=\"Facebook\" rel=\"nofollow noopener\" target=\"_blank\" style=\"font-size:24px!important;box-shadow:none;display:inline-block;vertical-align:middle\"><span class=\"the_champ_svg\" style=\"background-color:#3c589a;width:35px;height:35px;border-radius:999px;display:inline-block;opacity:1;float:left;font-size:24px;box-shadow:none;display:inline-block;font-size:16px;padding:0 4px;vertical-align:middle;background-repeat:repeat;overflow:hidden;padding:0;cursor:pointer;box-sizing:content-box\"><svg style=\"display:block;border-radius:999px;\" focusable=\"false\" aria-hidden=\"true\" xmlns=\"http:\/\/www.w3.org\/2000\/svg\" width=\"100%\" height=\"100%\" viewBox=\"-5 -5 42 42\"><path d=\"M17.78 27.5V17.008h3.522l.527-4.09h-4.05v-2.61c0-1.182.33-1.99 2.023-1.99h2.166V4.66c-.375-.05-1.66-.16-3.155-.16-3.123 0-5.26 1.905-5.26 5.405v3.016h-3.53v4.09h3.53V27.5h4.223z\" fill=\"#fff\"><\/path><\/svg><\/span><\/a><a aria-label=\"Print\" class=\"the_champ_button_print\" href=\"https:\/\/www.raimondi-cucine.it\/it\/vendita-cucine-moderne-sicilia\/cucina-moderna-urban-kore2\/\" onclick=\"event.preventDefault();window.print()\" title=\"Print\" rel=\"nofollow noopener\" style=\"font-size:24px!important;box-shadow:none;display:inline-block;vertical-align:middle\"><span class=\"the_champ_svg the_champ_s__default the_champ_s_print\" style=\"background-color:#fd6500;width:35px;height:35px;border-radius:999px;display:inline-block;opacity:1;float:left;font-size:24px;box-shadow:none;display:inline-block;font-size:16px;padding:0 4px;vertical-align:middle;background-repeat:repeat;overflow:hidden;padding:0;cursor:pointer;box-sizing:content-box\"><svg style=\"display:block;border-radius:999px;\" focusable=\"false\" aria-hidden=\"true\" xmlns=\"http:\/\/www.w3.org\/2000\/svg\" width=\"100%\" height=\"100%\" viewBox=\"-2.8 -4.5 35 35\"><path stroke=\"#fff\" class=\"the_champ_svg_stroke\" d=\"M 7 10 h 2 v 3 h 12 v -3 h 2 v 7 h -2 v -3 h -12 v 3 h -2 z\" stroke-width=\"1\" fill=\"#fff\"><\/path><rect class=\"the_champ_no_fill the_champ_svg_stroke\" stroke=\"#fff\" stroke-width=\"1.8\" height=\"7\" width=\"10\" x=\"10\" y=\"5\" fill=\"none\"><\/rect><rect class=\"the_champ_svg_stroke\" stroke=\"#fff\" stroke-width=\"1\" height=\"5\" width=\"8\" x=\"11\" y=\"16\" fill=\"#fff\"><\/rect><\/svg><\/span><\/a><\/div><\/div><div style='clear:both'><\/div>","protected":false},"author":2,"featured_media":2098,"parent":51,"menu_order":0,"comment_status":"closed","ping_status":"closed","template":"","meta":{"_et_pb_use_builder":"","_et_pb_old_content":"","_et_gb_content_width":"","footnotes":""},"yoast_head":"<!-- This site is optimized with the Yoast SEO plugin v22.7 - https:\/\/yoast.com\/wordpress\/plugins\/seo\/ -->\n<title>Cucina moderna in stile Urban - Kore2 - Rivenditori cucine Sicilia<\/title>\n<meta name=\"robots\" content=\"index, follow, max-snippet:-1, max-image-preview:large, max-video-preview:-1\" \/>\n<link rel=\"canonical\" href=\"https:\/\/www.raimondi-cucine.it\/it\/vendita-cucine-moderne-sicilia\/cucina-moderna-urban-kore2\/\" \/>\n<meta property=\"og:locale\" content=\"it_IT\" \/>\n<meta property=\"og:type\" content=\"article\" \/>\n<meta property=\"og:title\" content=\"Cucina moderna in stile Urban - Kore2 - Rivenditori cucine Sicilia\" \/>\n<meta property=\"og:description\" content=\"Colori caldi con stile urban, Kore2 nasce dall\u2019idea di progettare un modello raffinato e nel tempo stesso movimentato da elementi irregolari, ma che, non tralasciano quello che \u00e8 il comfort in cucina. Cucina componibile Kore2 in vendita da Raimondi cucine Sicilia Modello dal genere moderno, studiato dando vita a tutti quei colori che richiamano il [&hellip;]\" \/>\n<meta property=\"og:url\" content=\"https:\/\/www.raimondi-cucine.it\/it\/vendita-cucine-moderne-sicilia\/cucina-moderna-urban-kore2\/\" \/>\n<meta property=\"og:site_name\" content=\"Rivenditori cucine Sicilia\" \/>\n<meta property=\"article:publisher\" content=\"https:\/\/www.facebook.com\/raimondicucine\/\" \/>\n<meta property=\"article:modified_time\" content=\"2018-10-20T08:42:37+00:00\" \/>\n<meta property=\"og:image\" content=\"https:\/\/www.raimondi-cucine.it\/wp-content\/uploads\/cucina_urban_kore2_01.jpg\" \/>\n\t<meta property=\"og:image:width\" content=\"1200\" \/>\n\t<meta property=\"og:image:height\" content=\"864\" \/>\n\t<meta property=\"og:image:type\" content=\"image\/jpeg\" \/>\n<meta name=\"twitter:card\" content=\"summary_large_image\" \/>\n<meta name=\"twitter:label1\" content=\"Tempo di lettura stimato\" \/>\n\t<meta name=\"twitter:data1\" content=\"1 minuto\" \/>\n<script type=\"application\/ld+json\" class=\"yoast-schema-graph\">{\"@context\":\"https:\/\/schema.org\",\"@graph\":[{\"@type\":\"WebPage\",\"@id\":\"https:\/\/www.raimondi-cucine.it\/it\/vendita-cucine-moderne-sicilia\/cucina-moderna-urban-kore2\/\",\"url\":\"https:\/\/www.raimondi-cucine.it\/it\/vendita-cucine-moderne-sicilia\/cucina-moderna-urban-kore2\/\",\"name\":\"Cucina moderna in stile Urban - Kore2 - Rivenditori cucine Sicilia\",\"isPartOf\":{\"@id\":\"https:\/\/www.raimondi-cucine.it\/it\/#website\"},\"primaryImageOfPage\":{\"@id\":\"https:\/\/www.raimondi-cucine.it\/it\/vendita-cucine-moderne-sicilia\/cucina-moderna-urban-kore2\/#primaryimage\"},\"image\":{\"@id\":\"https:\/\/www.raimondi-cucine.it\/it\/vendita-cucine-moderne-sicilia\/cucina-moderna-urban-kore2\/#primaryimage\"},\"thumbnailUrl\":\"https:\/\/www.raimondi-cucine.it\/wp-content\/uploads\/cucina_urban_kore2_01.jpg\",\"datePublished\":\"2018-10-06T11:00:44+00:00\",\"dateModified\":\"2018-10-20T08:42:37+00:00\",\"breadcrumb\":{\"@id\":\"https:\/\/www.raimondi-cucine.it\/it\/vendita-cucine-moderne-sicilia\/cucina-moderna-urban-kore2\/#breadcrumb\"},\"inLanguage\":\"it-IT\",\"potentialAction\":[{\"@type\":\"ReadAction\",\"target\":[\"https:\/\/www.raimondi-cucine.it\/it\/vendita-cucine-moderne-sicilia\/cucina-moderna-urban-kore2\/\"]}]},{\"@type\":\"ImageObject\",\"inLanguage\":\"it-IT\",\"@id\":\"https:\/\/www.raimondi-cucine.it\/it\/vendita-cucine-moderne-sicilia\/cucina-moderna-urban-kore2\/#primaryimage\",\"url\":\"https:\/\/www.raimondi-cucine.it\/wp-content\/uploads\/cucina_urban_kore2_01.jpg\",\"contentUrl\":\"https:\/\/www.raimondi-cucine.it\/wp-content\/uploads\/cucina_urban_kore2_01.jpg\",\"width\":1200,\"height\":864,\"caption\":\"Cucina moderna in stile Urban con ante in cemento e in vetro bianco lucido.\"},{\"@type\":\"BreadcrumbList\",\"@id\":\"https:\/\/www.raimondi-cucine.it\/it\/vendita-cucine-moderne-sicilia\/cucina-moderna-urban-kore2\/#breadcrumb\",\"itemListElement\":[{\"@type\":\"ListItem\",\"position\":1,\"name\":\"Home\",\"item\":\"https:\/\/www.raimondi-cucine.it\/it\/\"},{\"@type\":\"ListItem\",\"position\":2,\"name\":\"Cucine moderne\",\"item\":\"https:\/\/www.raimondi-cucine.it\/it\/vendita-cucine-moderne-sicilia\/\"},{\"@type\":\"ListItem\",\"position\":3,\"name\":\"Cucina moderna in stile Urban &#8211; Kore2\"}]},{\"@type\":\"WebSite\",\"@id\":\"https:\/\/www.raimondi-cucine.it\/it\/#website\",\"url\":\"https:\/\/www.raimondi-cucine.it\/it\/\",\"name\":\"Rivenditori cucine Sicilia\",\"description\":\"Il design che d\u00e0 spazio ai tuoi desideri\",\"publisher\":{\"@id\":\"https:\/\/www.raimondi-cucine.it\/it\/#organization\"},\"potentialAction\":[{\"@type\":\"SearchAction\",\"target\":{\"@type\":\"EntryPoint\",\"urlTemplate\":\"https:\/\/www.raimondi-cucine.it\/it\/?s={search_term_string}\"},\"query-input\":\"required name=search_term_string\"}],\"inLanguage\":\"it-IT\"},{\"@type\":\"Organization\",\"@id\":\"https:\/\/www.raimondi-cucine.it\/it\/#organization\",\"name\":\"Raimondi Cucine\",\"url\":\"https:\/\/www.raimondi-cucine.it\/it\/\",\"logo\":{\"@type\":\"ImageObject\",\"inLanguage\":\"it-IT\",\"@id\":\"https:\/\/www.raimondi-cucine.it\/it\/#\/schema\/logo\/image\/\",\"url\":\"https:\/\/www.raimondi-cucine.it\/wp-content\/uploads\/banner_email.png\",\"contentUrl\":\"https:\/\/www.raimondi-cucine.it\/wp-content\/uploads\/banner_email.png\",\"width\":560,\"height\":100,\"caption\":\"Raimondi Cucine\"},\"image\":{\"@id\":\"https:\/\/www.raimondi-cucine.it\/it\/#\/schema\/logo\/image\/\"},\"sameAs\":[\"https:\/\/www.facebook.com\/raimondicucine\/\",\"https:\/\/www.youtube.com\/channel\/UCJpe1gYYTxKn6GmhBXdMLoA\"]}]}<\/script>\n<!-- \/ Yoast SEO plugin. -->","yoast_head_json":{"title":"Cucina moderna in stile Urban - Kore2 - Rivenditori cucine Sicilia","robots":{"index":"index","follow":"follow","max-snippet":"max-snippet:-1","max-image-preview":"max-image-preview:large","max-video-preview":"max-video-preview:-1"},"canonical":"https:\/\/www.raimondi-cucine.it\/it\/vendita-cucine-moderne-sicilia\/cucina-moderna-urban-kore2\/","og_locale":"it_IT","og_type":"article","og_title":"Cucina moderna in stile Urban - Kore2 - Rivenditori cucine Sicilia","og_description":"Colori caldi con stile urban, Kore2 nasce dall\u2019idea di progettare un modello raffinato e nel tempo stesso movimentato da elementi irregolari, ma che, non tralasciano quello che \u00e8 il comfort in cucina. Cucina componibile Kore2 in vendita da Raimondi cucine Sicilia Modello dal genere moderno, studiato dando vita a tutti quei colori che richiamano il [&hellip;]","og_url":"https:\/\/www.raimondi-cucine.it\/it\/vendita-cucine-moderne-sicilia\/cucina-moderna-urban-kore2\/","og_site_name":"Rivenditori cucine Sicilia","article_publisher":"https:\/\/www.facebook.com\/raimondicucine\/","article_modified_time":"2018-10-20T08:42:37+00:00","og_image":[{"width":1200,"height":864,"url":"https:\/\/www.raimondi-cucine.it\/wp-content\/uploads\/cucina_urban_kore2_01.jpg","type":"image\/jpeg"}],"twitter_card":"summary_large_image","twitter_misc":{"Tempo di lettura stimato":"1 minuto"},"schema":{"@context":"https:\/\/schema.org","@graph":[{"@type":"WebPage","@id":"https:\/\/www.raimondi-cucine.it\/it\/vendita-cucine-moderne-sicilia\/cucina-moderna-urban-kore2\/","url":"https:\/\/www.raimondi-cucine.it\/it\/vendita-cucine-moderne-sicilia\/cucina-moderna-urban-kore2\/","name":"Cucina moderna in stile Urban - Kore2 - Rivenditori cucine Sicilia","isPartOf":{"@id":"https:\/\/www.raimondi-cucine.it\/it\/#website"},"primaryImageOfPage":{"@id":"https:\/\/www.raimondi-cucine.it\/it\/vendita-cucine-moderne-sicilia\/cucina-moderna-urban-kore2\/#primaryimage"},"image":{"@id":"https:\/\/www.raimondi-cucine.it\/it\/vendita-cucine-moderne-sicilia\/cucina-moderna-urban-kore2\/#primaryimage"},"thumbnailUrl":"https:\/\/www.raimondi-cucine.it\/wp-content\/uploads\/cucina_urban_kore2_01.jpg","datePublished":"2018-10-06T11:00:44+00:00","dateModified":"2018-10-20T08:42:37+00:00","breadcrumb":{"@id":"https:\/\/www.raimondi-cucine.it\/it\/vendita-cucine-moderne-sicilia\/cucina-moderna-urban-kore2\/#breadcrumb"},"inLanguage":"it-IT","potentialAction":[{"@type":"ReadAction","target":["https:\/\/www.raimondi-cucine.it\/it\/vendita-cucine-moderne-sicilia\/cucina-moderna-urban-kore2\/"]}]},{"@type":"ImageObject","inLanguage":"it-IT","@id":"https:\/\/www.raimondi-cucine.it\/it\/vendita-cucine-moderne-sicilia\/cucina-moderna-urban-kore2\/#primaryimage","url":"https:\/\/www.raimondi-cucine.it\/wp-content\/uploads\/cucina_urban_kore2_01.jpg","contentUrl":"https:\/\/www.raimondi-cucine.it\/wp-content\/uploads\/cucina_urban_kore2_01.jpg","width":1200,"height":864,"caption":"Cucina moderna in stile Urban con ante in cemento e in vetro bianco lucido."},{"@type":"BreadcrumbList","@id":"https:\/\/www.raimondi-cucine.it\/it\/vendita-cucine-moderne-sicilia\/cucina-moderna-urban-kore2\/#breadcrumb","itemListElement":[{"@type":"ListItem","position":1,"name":"Home","item":"https:\/\/www.raimondi-cucine.it\/it\/"},{"@type":"ListItem","position":2,"name":"Cucine moderne","item":"https:\/\/www.raimondi-cucine.it\/it\/vendita-cucine-moderne-sicilia\/"},{"@type":"ListItem","position":3,"name":"Cucina moderna in stile Urban &#8211; Kore2"}]},{"@type":"WebSite","@id":"https:\/\/www.raimondi-cucine.it\/it\/#website","url":"https:\/\/www.raimondi-cucine.it\/it\/","name":"Rivenditori cucine Sicilia","description":"Il design che d\u00e0 spazio ai tuoi desideri","publisher":{"@id":"https:\/\/www.raimondi-cucine.it\/it\/#organization"},"potentialAction":[{"@type":"SearchAction","target":{"@type":"EntryPoint","urlTemplate":"https:\/\/www.raimondi-cucine.it\/it\/?s={search_term_string}"},"query-input":"required name=search_term_string"}],"inLanguage":"it-IT"},{"@type":"Organization","@id":"https:\/\/www.raimondi-cucine.it\/it\/#organization","name":"Raimondi Cucine","url":"https:\/\/www.raimondi-cucine.it\/it\/","logo":{"@type":"ImageObject","inLanguage":"it-IT","@id":"https:\/\/www.raimondi-cucine.it\/it\/#\/schema\/logo\/image\/","url":"https:\/\/www.raimondi-cucine.it\/wp-content\/uploads\/banner_email.png","contentUrl":"https:\/\/www.raimondi-cucine.it\/wp-content\/uploads\/banner_email.png","width":560,"height":100,"caption":"Raimondi Cucine"},"image":{"@id":"https:\/\/www.raimondi-cucine.it\/it\/#\/schema\/logo\/image\/"},"sameAs":["https:\/\/www.facebook.com\/raimondicucine\/","https:\/\/www.youtube.com\/channel\/UCJpe1gYYTxKn6GmhBXdMLoA"]}]}},"_links":{"self":[{"href":"https:\/\/www.raimondi-cucine.it\/it\/wp-json\/wp\/v2\/pages\/2092\/"}],"collection":[{"href":"https:\/\/www.raimondi-cucine.it\/it\/wp-json\/wp\/v2\/pages\/"}],"about":[{"href":"https:\/\/www.raimondi-cucine.it\/it\/wp-json\/wp\/v2\/types\/page\/"}],"author":[{"embeddable":true,"href":"https:\/\/www.raimondi-cucine.it\/it\/wp-json\/wp\/v2\/users\/2\/"}],"replies":[{"embeddable":true,"href":"https:\/\/www.raimondi-cucine.it\/it\/wp-json\/wp\/v2\/comments\/?post=2092"}],"version-history":[{"count":3,"href":"https:\/\/www.raimondi-cucine.it\/it\/wp-json\/wp\/v2\/pages\/2092\/revisions\/"}],"predecessor-version":[{"id":2192,"href":"https:\/\/www.raimondi-cucine.it\/it\/wp-json\/wp\/v2\/pages\/2092\/revisions\/2192\/"}],"up":[{"embeddable":true,"href":"https:\/\/www.raimondi-cucine.it\/it\/wp-json\/wp\/v2\/pages\/51\/"}],"wp:featuredmedia":[{"embeddable":true,"href":"https:\/\/www.raimondi-cucine.it\/it\/wp-json\/wp\/v2\/media\/2098\/"}],"wp:attachment":[{"href":"https:\/\/www.raimondi-cucine.it\/it\/wp-json\/wp\/v2\/media\/?parent=2092"}],"curies":[{"name":"wp","href":"https:\/\/api.w.org\/{rel}","templated":true}]}}