{"id":1938,"date":"2018-07-17T16:00:50","date_gmt":"2018-07-17T16:00:50","guid":{"rendered":"https:\/\/www.raimondi-cucine.it\/?page_id=1938\/"},"modified":"2018-10-22T10:46:27","modified_gmt":"2018-10-22T10:46:27","slug":"cucina-moderna-starline","status":"publish","type":"page","link":"https:\/\/www.raimondi-cucine.it\/it\/vendita-cucine-moderne-sicilia\/cucina-moderna-starline\/","title":{"rendered":"Cucina moderna Starline"},"content":{"rendered":"<p class=\"abstract\">Raffinato ed elegante, il design della <strong>cucina Starline<\/strong> \u00e8 ideale per chi ama uno <strong>stile moderno materico e sofisticato<\/strong>.<br \/>\nAccattivante, dinamica, esclusiva, la cucina Starline \u00e8 perfetta per chi cerca la <strong>combinazione di comfort, estetica e funzionalit\u00e0<\/strong>.<\/p>\n<div id=\"attachment_1940\" style=\"width: 1610px\" class=\"wp-caption aligncenter\"><img loading=\"lazy\" decoding=\"async\" aria-describedby=\"caption-attachment-1940\" class=\"wp-image-1940 size-full\" title=\"Cucina Starline dal design elegante e moderno, per chi cerca stile e utilit\u00e0\" src=\"https:\/\/www.raimondi-cucine.it\/wp-content\/uploads\/cucina_moderna_Starline_02.jpg\" alt=\"Cucina Starline dal design elegante e moderno, per chi cerca stile e utilit\u00e0\" width=\"1600\" height=\"1000\" srcset=\"https:\/\/www.raimondi-cucine.it\/wp-content\/uploads\/cucina_moderna_Starline_02.jpg 1600w, https:\/\/www.raimondi-cucine.it\/wp-content\/uploads\/cucina_moderna_Starline_02-300x188.jpg 300w, https:\/\/www.raimondi-cucine.it\/wp-content\/uploads\/cucina_moderna_Starline_02-768x480.jpg 768w, https:\/\/www.raimondi-cucine.it\/wp-content\/uploads\/cucina_moderna_Starline_02-1024x640.jpg 1024w, https:\/\/www.raimondi-cucine.it\/wp-content\/uploads\/cucina_moderna_Starline_02-400x250.jpg 400w, https:\/\/www.raimondi-cucine.it\/wp-content\/uploads\/cucina_moderna_Starline_02-1080x675.jpg 1080w\" sizes=\"(max-width: 1600px) 100vw, 1600px\" \/><p id=\"caption-attachment-1940\" class=\"wp-caption-text\">Cucina Starline dal design elegante e moderno, per chi cerca stile e utilit\u00e0<\/p><\/div>\n<h2>Cucina attrezzata Starline in vendita da <strong>Raimondi <a title=\"Vendita cucine componibili in Sicilia \/\/ Scopri come raggiuingere o contattare lo showroom Raimondi cucine\" href=\"https:\/\/www.raimondi-cucine.it\/vendita-cucine-componibili-sicilia\/\" target=\"_blank\" rel=\"noopener noreferrer\">cucine Sicilia<\/a><\/strong><\/h2>\n<div class=\"et_pb_slider et_pb_slider_fullwidth_off et_pb_gallery_post_type\">\n\t\t\t\t<div class=\"et_pb_slides\">\n\t\t\t\t\t<div class=\"et_pb_slide\" style=\"background: url(https:\/\/www.raimondi-cucine.it\/wp-content\/uploads\/cucina_moderna_Starline_05.jpg);\"><\/div><div class=\"et_pb_slide\" style=\"background: url(https:\/\/www.raimondi-cucine.it\/wp-content\/uploads\/cucina_moderna_Starline_04.jpg);\"><\/div><div class=\"et_pb_slide\" style=\"background: url(https:\/\/www.raimondi-cucine.it\/wp-content\/uploads\/cucina_moderna_Starline_03.jpg);\"><\/div><div class=\"et_pb_slide\" style=\"background: url(https:\/\/www.raimondi-cucine.it\/wp-content\/uploads\/cucina_moderna_Starline_02.jpg);\"><\/div><div class=\"et_pb_slide\" style=\"background: url(https:\/\/www.raimondi-cucine.it\/wp-content\/uploads\/cucina_moderna_Starline_01.jpg);\"><\/div>\n\t\t\t\t<\/div>\n\t\t\t<\/div>\n<p>Pensili e armadiature possono essere variamente combinati a seconda delle specifiche esigenze operative e contenitive; l\u2019accostamento con <strong>sistemi a mensola illuminati<\/strong> o con elementi a giorno contribuisce a movimentare e articolare ulteriormente l\u2019effetto visivo di insieme.<\/p>\n","protected":false},"excerpt":{"rendered":"<p>Raffinato ed elegante, il design della cucina Starline \u00e8 ideale per chi ama uno stile moderno materico e sofisticato. Accattivante, dinamica, esclusiva, la cucina Starline \u00e8 perfetta per chi cerca la combinazione di comfort, estetica e funzionalit\u00e0. Cucina attrezzata Starline in vendita da Raimondi cucine Sicilia Pensili e armadiature possono essere variamente combinati a seconda [&hellip;]<\/p>\n<div style='clear:both'><\/div><div style=\"float:right\" class='the_champ_sharing_container the_champ_horizontal_sharing' data-super-socializer-href=\"https:\/\/www.raimondi-cucine.it\/it\/vendita-cucine-moderne-sicilia\/cucina-moderna-starline\/\"><div class='the_champ_sharing_title' style=\"font-weight:bold\" ><\/div><div class=\"the_champ_sharing_ul\"><a aria-label=\"Facebook\" class=\"the_champ_facebook\" href=\"https:\/\/www.facebook.com\/sharer\/sharer.php?u=https%3A%2F%2Fwww.raimondi-cucine.it%2Fit%2Fvendita-cucine-moderne-sicilia%2Fcucina-moderna-starline%2F\" title=\"Facebook\" rel=\"nofollow noopener\" target=\"_blank\" style=\"font-size:24px!important;box-shadow:none;display:inline-block;vertical-align:middle\"><span class=\"the_champ_svg\" style=\"background-color:#3c589a;width:35px;height:35px;border-radius:999px;display:inline-block;opacity:1;float:left;font-size:24px;box-shadow:none;display:inline-block;font-size:16px;padding:0 4px;vertical-align:middle;background-repeat:repeat;overflow:hidden;padding:0;cursor:pointer;box-sizing:content-box\"><svg style=\"display:block;border-radius:999px;\" focusable=\"false\" aria-hidden=\"true\" xmlns=\"http:\/\/www.w3.org\/2000\/svg\" width=\"100%\" height=\"100%\" viewBox=\"-5 -5 42 42\"><path d=\"M17.78 27.5V17.008h3.522l.527-4.09h-4.05v-2.61c0-1.182.33-1.99 2.023-1.99h2.166V4.66c-.375-.05-1.66-.16-3.155-.16-3.123 0-5.26 1.905-5.26 5.405v3.016h-3.53v4.09h3.53V27.5h4.223z\" fill=\"#fff\"><\/path><\/svg><\/span><\/a><a aria-label=\"Print\" class=\"the_champ_button_print\" href=\"https:\/\/www.raimondi-cucine.it\/it\/vendita-cucine-moderne-sicilia\/cucina-moderna-starline\/\" onclick=\"event.preventDefault();window.print()\" title=\"Print\" rel=\"nofollow noopener\" style=\"font-size:24px!important;box-shadow:none;display:inline-block;vertical-align:middle\"><span class=\"the_champ_svg the_champ_s__default the_champ_s_print\" style=\"background-color:#fd6500;width:35px;height:35px;border-radius:999px;display:inline-block;opacity:1;float:left;font-size:24px;box-shadow:none;display:inline-block;font-size:16px;padding:0 4px;vertical-align:middle;background-repeat:repeat;overflow:hidden;padding:0;cursor:pointer;box-sizing:content-box\"><svg style=\"display:block;border-radius:999px;\" focusable=\"false\" aria-hidden=\"true\" xmlns=\"http:\/\/www.w3.org\/2000\/svg\" width=\"100%\" height=\"100%\" viewBox=\"-2.8 -4.5 35 35\"><path stroke=\"#fff\" class=\"the_champ_svg_stroke\" d=\"M 7 10 h 2 v 3 h 12 v -3 h 2 v 7 h -2 v -3 h -12 v 3 h -2 z\" stroke-width=\"1\" fill=\"#fff\"><\/path><rect class=\"the_champ_no_fill the_champ_svg_stroke\" stroke=\"#fff\" stroke-width=\"1.8\" height=\"7\" width=\"10\" x=\"10\" y=\"5\" fill=\"none\"><\/rect><rect class=\"the_champ_svg_stroke\" stroke=\"#fff\" stroke-width=\"1\" height=\"5\" width=\"8\" x=\"11\" y=\"16\" fill=\"#fff\"><\/rect><\/svg><\/span><\/a><\/div><\/div><div style='clear:both'><\/div>","protected":false},"author":2,"featured_media":2238,"parent":51,"menu_order":0,"comment_status":"closed","ping_status":"closed","template":"","meta":{"_et_pb_use_builder":"","_et_pb_old_content":"","_et_gb_content_width":"","footnotes":""},"yoast_head":"<!-- This site is optimized with the Yoast SEO plugin v22.7 - https:\/\/yoast.com\/wordpress\/plugins\/seo\/ -->\n<title>Cucina moderna Starline - Rivenditori cucine Sicilia<\/title>\n<meta name=\"description\" content=\"Per chi desidera cucine eleganti e moderne pu\u00f2 acquistare cucina in Sicilia e scegliere il mod.Starline che si distingue per design e comfort e funzionalit\u00e0\" \/>\n<meta name=\"robots\" content=\"index, follow, max-snippet:-1, max-image-preview:large, max-video-preview:-1\" \/>\n<link rel=\"canonical\" href=\"https:\/\/www.raimondi-cucine.it\/it\/vendita-cucine-moderne-sicilia\/cucina-moderna-starline\/\" \/>\n<meta property=\"og:locale\" content=\"it_IT\" \/>\n<meta property=\"og:type\" content=\"article\" \/>\n<meta property=\"og:title\" content=\"Cucina moderna Starline - Rivenditori cucine Sicilia\" \/>\n<meta property=\"og:description\" content=\"Per chi desidera cucine eleganti e moderne pu\u00f2 acquistare cucina in Sicilia e scegliere il mod.Starline che si distingue per design e comfort e funzionalit\u00e0\" \/>\n<meta property=\"og:url\" content=\"https:\/\/www.raimondi-cucine.it\/it\/vendita-cucine-moderne-sicilia\/cucina-moderna-starline\/\" \/>\n<meta property=\"og:site_name\" content=\"Rivenditori cucine Sicilia\" \/>\n<meta property=\"article:publisher\" content=\"https:\/\/www.facebook.com\/raimondicucine\/\" \/>\n<meta property=\"article:modified_time\" content=\"2018-10-22T10:46:27+00:00\" \/>\n<meta property=\"og:image\" content=\"https:\/\/www.raimondi-cucine.it\/wp-content\/uploads\/cucina_contemporanea_elegante_Starline.jpg\" \/>\n\t<meta property=\"og:image:width\" content=\"1340\" \/>\n\t<meta property=\"og:image:height\" content=\"783\" \/>\n\t<meta property=\"og:image:type\" content=\"image\/jpeg\" \/>\n<meta name=\"twitter:card\" content=\"summary_large_image\" \/>\n<meta name=\"twitter:label1\" content=\"Tempo di lettura stimato\" \/>\n\t<meta name=\"twitter:data1\" content=\"1 minuto\" \/>\n<script type=\"application\/ld+json\" class=\"yoast-schema-graph\">{\"@context\":\"https:\/\/schema.org\",\"@graph\":[{\"@type\":\"WebPage\",\"@id\":\"https:\/\/www.raimondi-cucine.it\/it\/vendita-cucine-moderne-sicilia\/cucina-moderna-starline\/\",\"url\":\"https:\/\/www.raimondi-cucine.it\/it\/vendita-cucine-moderne-sicilia\/cucina-moderna-starline\/\",\"name\":\"Cucina moderna Starline - Rivenditori cucine Sicilia\",\"isPartOf\":{\"@id\":\"https:\/\/www.raimondi-cucine.it\/it\/#website\"},\"primaryImageOfPage\":{\"@id\":\"https:\/\/www.raimondi-cucine.it\/it\/vendita-cucine-moderne-sicilia\/cucina-moderna-starline\/#primaryimage\"},\"image\":{\"@id\":\"https:\/\/www.raimondi-cucine.it\/it\/vendita-cucine-moderne-sicilia\/cucina-moderna-starline\/#primaryimage\"},\"thumbnailUrl\":\"https:\/\/www.raimondi-cucine.it\/wp-content\/uploads\/cucina_contemporanea_elegante_Starline.jpg\",\"datePublished\":\"2018-07-17T16:00:50+00:00\",\"dateModified\":\"2018-10-22T10:46:27+00:00\",\"description\":\"Per chi desidera cucine eleganti e moderne pu\u00f2 acquistare cucina in Sicilia e scegliere il mod.Starline che si distingue per design e comfort e funzionalit\u00e0\",\"breadcrumb\":{\"@id\":\"https:\/\/www.raimondi-cucine.it\/it\/vendita-cucine-moderne-sicilia\/cucina-moderna-starline\/#breadcrumb\"},\"inLanguage\":\"it-IT\",\"potentialAction\":[{\"@type\":\"ReadAction\",\"target\":[\"https:\/\/www.raimondi-cucine.it\/it\/vendita-cucine-moderne-sicilia\/cucina-moderna-starline\/\"]}]},{\"@type\":\"ImageObject\",\"inLanguage\":\"it-IT\",\"@id\":\"https:\/\/www.raimondi-cucine.it\/it\/vendita-cucine-moderne-sicilia\/cucina-moderna-starline\/#primaryimage\",\"url\":\"https:\/\/www.raimondi-cucine.it\/wp-content\/uploads\/cucina_contemporanea_elegante_Starline.jpg\",\"contentUrl\":\"https:\/\/www.raimondi-cucine.it\/wp-content\/uploads\/cucina_contemporanea_elegante_Starline.jpg\",\"width\":1340,\"height\":783,\"caption\":\"Cucina Starline moderna realizzata con materiali raffinati e di qualit\u00e0.\"},{\"@type\":\"BreadcrumbList\",\"@id\":\"https:\/\/www.raimondi-cucine.it\/it\/vendita-cucine-moderne-sicilia\/cucina-moderna-starline\/#breadcrumb\",\"itemListElement\":[{\"@type\":\"ListItem\",\"position\":1,\"name\":\"Home\",\"item\":\"https:\/\/www.raimondi-cucine.it\/it\/\"},{\"@type\":\"ListItem\",\"position\":2,\"name\":\"Cucine moderne\",\"item\":\"https:\/\/www.raimondi-cucine.it\/it\/vendita-cucine-moderne-sicilia\/\"},{\"@type\":\"ListItem\",\"position\":3,\"name\":\"Cucina moderna Starline\"}]},{\"@type\":\"WebSite\",\"@id\":\"https:\/\/www.raimondi-cucine.it\/it\/#website\",\"url\":\"https:\/\/www.raimondi-cucine.it\/it\/\",\"name\":\"Rivenditori cucine Sicilia\",\"description\":\"Il design che d\u00e0 spazio ai tuoi desideri\",\"publisher\":{\"@id\":\"https:\/\/www.raimondi-cucine.it\/it\/#organization\"},\"potentialAction\":[{\"@type\":\"SearchAction\",\"target\":{\"@type\":\"EntryPoint\",\"urlTemplate\":\"https:\/\/www.raimondi-cucine.it\/it\/?s={search_term_string}\"},\"query-input\":\"required name=search_term_string\"}],\"inLanguage\":\"it-IT\"},{\"@type\":\"Organization\",\"@id\":\"https:\/\/www.raimondi-cucine.it\/it\/#organization\",\"name\":\"Raimondi Cucine\",\"url\":\"https:\/\/www.raimondi-cucine.it\/it\/\",\"logo\":{\"@type\":\"ImageObject\",\"inLanguage\":\"it-IT\",\"@id\":\"https:\/\/www.raimondi-cucine.it\/it\/#\/schema\/logo\/image\/\",\"url\":\"https:\/\/www.raimondi-cucine.it\/wp-content\/uploads\/banner_email.png\",\"contentUrl\":\"https:\/\/www.raimondi-cucine.it\/wp-content\/uploads\/banner_email.png\",\"width\":560,\"height\":100,\"caption\":\"Raimondi Cucine\"},\"image\":{\"@id\":\"https:\/\/www.raimondi-cucine.it\/it\/#\/schema\/logo\/image\/\"},\"sameAs\":[\"https:\/\/www.facebook.com\/raimondicucine\/\",\"https:\/\/www.youtube.com\/channel\/UCJpe1gYYTxKn6GmhBXdMLoA\"]}]}<\/script>\n<!-- \/ Yoast SEO plugin. -->","yoast_head_json":{"title":"Cucina moderna Starline - Rivenditori cucine Sicilia","description":"Per chi desidera cucine eleganti e moderne pu\u00f2 acquistare cucina in Sicilia e scegliere il mod.Starline che si distingue per design e comfort e funzionalit\u00e0","robots":{"index":"index","follow":"follow","max-snippet":"max-snippet:-1","max-image-preview":"max-image-preview:large","max-video-preview":"max-video-preview:-1"},"canonical":"https:\/\/www.raimondi-cucine.it\/it\/vendita-cucine-moderne-sicilia\/cucina-moderna-starline\/","og_locale":"it_IT","og_type":"article","og_title":"Cucina moderna Starline - Rivenditori cucine Sicilia","og_description":"Per chi desidera cucine eleganti e moderne pu\u00f2 acquistare cucina in Sicilia e scegliere il mod.Starline che si distingue per design e comfort e funzionalit\u00e0","og_url":"https:\/\/www.raimondi-cucine.it\/it\/vendita-cucine-moderne-sicilia\/cucina-moderna-starline\/","og_site_name":"Rivenditori cucine Sicilia","article_publisher":"https:\/\/www.facebook.com\/raimondicucine\/","article_modified_time":"2018-10-22T10:46:27+00:00","og_image":[{"width":1340,"height":783,"url":"https:\/\/www.raimondi-cucine.it\/wp-content\/uploads\/cucina_contemporanea_elegante_Starline.jpg","type":"image\/jpeg"}],"twitter_card":"summary_large_image","twitter_misc":{"Tempo di lettura stimato":"1 minuto"},"schema":{"@context":"https:\/\/schema.org","@graph":[{"@type":"WebPage","@id":"https:\/\/www.raimondi-cucine.it\/it\/vendita-cucine-moderne-sicilia\/cucina-moderna-starline\/","url":"https:\/\/www.raimondi-cucine.it\/it\/vendita-cucine-moderne-sicilia\/cucina-moderna-starline\/","name":"Cucina moderna Starline - Rivenditori cucine Sicilia","isPartOf":{"@id":"https:\/\/www.raimondi-cucine.it\/it\/#website"},"primaryImageOfPage":{"@id":"https:\/\/www.raimondi-cucine.it\/it\/vendita-cucine-moderne-sicilia\/cucina-moderna-starline\/#primaryimage"},"image":{"@id":"https:\/\/www.raimondi-cucine.it\/it\/vendita-cucine-moderne-sicilia\/cucina-moderna-starline\/#primaryimage"},"thumbnailUrl":"https:\/\/www.raimondi-cucine.it\/wp-content\/uploads\/cucina_contemporanea_elegante_Starline.jpg","datePublished":"2018-07-17T16:00:50+00:00","dateModified":"2018-10-22T10:46:27+00:00","description":"Per chi desidera cucine eleganti e moderne pu\u00f2 acquistare cucina in Sicilia e scegliere il mod.Starline che si distingue per design e comfort e funzionalit\u00e0","breadcrumb":{"@id":"https:\/\/www.raimondi-cucine.it\/it\/vendita-cucine-moderne-sicilia\/cucina-moderna-starline\/#breadcrumb"},"inLanguage":"it-IT","potentialAction":[{"@type":"ReadAction","target":["https:\/\/www.raimondi-cucine.it\/it\/vendita-cucine-moderne-sicilia\/cucina-moderna-starline\/"]}]},{"@type":"ImageObject","inLanguage":"it-IT","@id":"https:\/\/www.raimondi-cucine.it\/it\/vendita-cucine-moderne-sicilia\/cucina-moderna-starline\/#primaryimage","url":"https:\/\/www.raimondi-cucine.it\/wp-content\/uploads\/cucina_contemporanea_elegante_Starline.jpg","contentUrl":"https:\/\/www.raimondi-cucine.it\/wp-content\/uploads\/cucina_contemporanea_elegante_Starline.jpg","width":1340,"height":783,"caption":"Cucina Starline moderna realizzata con materiali raffinati e di qualit\u00e0."},{"@type":"BreadcrumbList","@id":"https:\/\/www.raimondi-cucine.it\/it\/vendita-cucine-moderne-sicilia\/cucina-moderna-starline\/#breadcrumb","itemListElement":[{"@type":"ListItem","position":1,"name":"Home","item":"https:\/\/www.raimondi-cucine.it\/it\/"},{"@type":"ListItem","position":2,"name":"Cucine moderne","item":"https:\/\/www.raimondi-cucine.it\/it\/vendita-cucine-moderne-sicilia\/"},{"@type":"ListItem","position":3,"name":"Cucina moderna Starline"}]},{"@type":"WebSite","@id":"https:\/\/www.raimondi-cucine.it\/it\/#website","url":"https:\/\/www.raimondi-cucine.it\/it\/","name":"Rivenditori cucine Sicilia","description":"Il design che d\u00e0 spazio ai tuoi desideri","publisher":{"@id":"https:\/\/www.raimondi-cucine.it\/it\/#organization"},"potentialAction":[{"@type":"SearchAction","target":{"@type":"EntryPoint","urlTemplate":"https:\/\/www.raimondi-cucine.it\/it\/?s={search_term_string}"},"query-input":"required name=search_term_string"}],"inLanguage":"it-IT"},{"@type":"Organization","@id":"https:\/\/www.raimondi-cucine.it\/it\/#organization","name":"Raimondi Cucine","url":"https:\/\/www.raimondi-cucine.it\/it\/","logo":{"@type":"ImageObject","inLanguage":"it-IT","@id":"https:\/\/www.raimondi-cucine.it\/it\/#\/schema\/logo\/image\/","url":"https:\/\/www.raimondi-cucine.it\/wp-content\/uploads\/banner_email.png","contentUrl":"https:\/\/www.raimondi-cucine.it\/wp-content\/uploads\/banner_email.png","width":560,"height":100,"caption":"Raimondi Cucine"},"image":{"@id":"https:\/\/www.raimondi-cucine.it\/it\/#\/schema\/logo\/image\/"},"sameAs":["https:\/\/www.facebook.com\/raimondicucine\/","https:\/\/www.youtube.com\/channel\/UCJpe1gYYTxKn6GmhBXdMLoA"]}]}},"_links":{"self":[{"href":"https:\/\/www.raimondi-cucine.it\/it\/wp-json\/wp\/v2\/pages\/1938\/"}],"collection":[{"href":"https:\/\/www.raimondi-cucine.it\/it\/wp-json\/wp\/v2\/pages\/"}],"about":[{"href":"https:\/\/www.raimondi-cucine.it\/it\/wp-json\/wp\/v2\/types\/page\/"}],"author":[{"embeddable":true,"href":"https:\/\/www.raimondi-cucine.it\/it\/wp-json\/wp\/v2\/users\/2\/"}],"replies":[{"embeddable":true,"href":"https:\/\/www.raimondi-cucine.it\/it\/wp-json\/wp\/v2\/comments\/?post=1938"}],"version-history":[{"count":14,"href":"https:\/\/www.raimondi-cucine.it\/it\/wp-json\/wp\/v2\/pages\/1938\/revisions\/"}],"predecessor-version":[{"id":2056,"href":"https:\/\/www.raimondi-cucine.it\/it\/wp-json\/wp\/v2\/pages\/1938\/revisions\/2056\/"}],"up":[{"embeddable":true,"href":"https:\/\/www.raimondi-cucine.it\/it\/wp-json\/wp\/v2\/pages\/51\/"}],"wp:featuredmedia":[{"embeddable":true,"href":"https:\/\/www.raimondi-cucine.it\/it\/wp-json\/wp\/v2\/media\/2238\/"}],"wp:attachment":[{"href":"https:\/\/www.raimondi-cucine.it\/it\/wp-json\/wp\/v2\/media\/?parent=1938"}],"curies":[{"name":"wp","href":"https:\/\/api.w.org\/{rel}","templated":true}]}}