{"id":1745,"date":"2017-10-05T08:02:46","date_gmt":"2017-10-05T08:02:46","guid":{"rendered":"https:\/\/www.raimondi-cucine.it\/?page_id=1745\/"},"modified":"2017-10-05T08:58:20","modified_gmt":"2017-10-05T08:58:20","slug":"cucine-componibili-sicilia","status":"publish","type":"page","link":"https:\/\/www.raimondi-cucine.it\/it\/fabbrica-cucine-componibili-sicilia\/cucine-componibili-sicilia\/","title":{"rendered":"Arredamenti su misura e cucine componibili in Sicilia"},"content":{"rendered":"<p class=\"abstract\">Da oltre 25 anni\u00a0<em>Sistemi componibili s.r.l.<\/em>\u00a0progetta e realizza\u00a0<strong>cucine componibili su misura<\/strong>, in stile classico, moderno o in finta muratura secondo le richieste della clientela.<\/p>\n<p>Una filosofia, quella della personalizzazione, che pone qualit\u00e0 e know-how a servizio dell&#8217;estetica e della funzionalit\u00e0, dove le attrezzature pi\u00f9 moderne e tecnologiche si integrano ad una perfetta perizia artigianale.<\/p>\n<p>Le\u00a0<strong>cucine<\/strong>\u00a0realizzate da Sistemi componibili s.r.l. sono un esempio di\u00a0<em>raffinato design<\/em>\u00a0unito ad estrema funzionalit\u00e0.<\/p>\n<p>Anche l&#8217;<em>arredamento delle cucine<\/em>\u00a0ha la sua importanza nel rendere l&#8217;ambiente fruibile e gradevole: impianti aspirazione e mobili per cucina sono compendi essenziali.<\/p>\n<p>Su richiesta del cliente la\u00a0<strong>cucina<\/strong>\u00a0pu\u00f2 essere realizzata con il fusto (la struttura portante) interamente in legno, personalizzata sia nel materiale utilizzato (le diverse essenze di legno) che nella colorazione, lucentezza e tonalit\u00e0.<\/p>\n<p>Sistemi componibili s.r.l. realizza inoltre\u00a0<strong>arredamenti su misura<\/strong>\u00a0per grandi strutture pubbliche e private, negozi, gioiellerie, musei, etc&#8230; .<\/p>\n<p>Grazie alle competenze acquisite in tanti anni di realizzazione e con la collaborazione di progettisti architetti e arredatori realizza mobili per\u00a0<strong>arredamenti componibili<\/strong>\u00a0per qualunque struttura pubblica o privata.<\/p>\n<p>I progetti, personalizzati e\u00a0<strong>su misura<\/strong>\u00a0come nella tradizione della Sistemi Componibili, sono caratterizzati da arredi in lire impiallacciato di varie essenze.<\/p>\n<p>Sistemi componibili s.r.l. realizza\u00a0<strong>arredamenti su misura e cucine componibili classiche, moderne o in finta muratura anche in Sicilia<\/strong>:<\/p>\n<ul class=\"elenco1\">\n<li><strong>Agrigento<\/strong> (AG)<\/li>\n<li><a title=\"Vendita cucine componibili Caltanissetta CL - Sicilia\" href=\"https:\/\/www.raimondi-cucine.it\/vendita-cucine-componibili-sicilia#cucinecomponibilecaltanissetta\"><strong>Caltanissetta<\/strong> (CL)<\/a><\/li>\n<li><strong>Catania<\/strong> (CT)<\/li>\n<li><strong>Enna<\/strong> (EN)<\/li>\n<li><strong>Messina<\/strong> (ME)<\/li>\n<li><strong>Palermo<\/strong> (PA)<\/li>\n<li><strong>Ragusa<\/strong> (RG)<\/li>\n<li><strong>Siracusa<\/strong> (SR)<\/li>\n<li><strong>Trapani<\/strong> (TP)<\/li>\n<\/ul>\n<h2><a title=\"Vendita cucine componibili a Caltanissetta CL - Sicilia\" href=\"https:\/\/www.raimondi-cucine.it\/vendita-cucine-componibili-sicilia#cucinecomponibilecaltanissetta\"><strong>Caltanissetta<\/strong><\/a>\u00a0(<a title=\"Vendita cucine componibili Sicilia\" href=\"https:\/\/www.raimondi-cucine.it\/vendita-cucine-componibili-sicilia\"><em>Arredamenti cucine componibili in Sicilia<\/em><\/a>):<\/h2>\n<p>Acquaviva Platani, Bompensiere, Butera, Caltanissetta, Campofranco, Delia, Gela, Marianopoli, Mazzarino, Milena, Montedoro, Mussomeli, Niscemi, Resuttano, Riesi, <a title=\"Vendita cucine componibili San Cataldo, in provincia di Caltanissetta CL - Sicilia\" href=\"https:\/\/www.raimondi-cucine.it\/vendita-cucine-componibili-sicilia#cucinecomponibilesancataldo\">San Cataldo<\/a>, Santa Caterina Villarmosa, Serradifalco, Sommatino, Sutera, Vallelunga Pratameno, Villalba.<\/p>\n<h2><strong>Catania<\/strong>\u00a0(<a title=\"Produzione e vendita mobili cucina in Sicilia\" href=\"https:\/\/www.raimondi-cucine.it\/\"><em>Mobili componibili cucina in Sicilia<\/em><\/a>):<\/h2>\n<p>Aci Bonaccorsi, Aci Castello, Aci Catena, Aci Sant&#8217;Antonio, Acireale, Adrano, Belpasso, Biancavilla, Bronte, Calatabiano, Caltagirone, Camporotondo Etneo, Castel di Iudica, Castiglione di Sicilia, Catania, Fiumefreddo di Sicilia, Giarre, Grammichele, Gravina di Catania, Licodia Eubea, Linguaglossa, Maletto, Maniace, Mascali, Mascalucia, Mazzarrone, Militello in Val di Catania, Milo, Mineo, Mirabella Imbaccari, Misterbianco, Motta Sant&#8217;Anastasia, Nicolosi, Palagonia, Patern\u00f2, Pedara, Piedimonte Etneo, Raddusa, Ragalna, Ramacca, Randazzo, Riposto, San Cono, San Giovanni la Punta, San Gregorio di Catania, San Michele di Ganzaria, San Pietro Clarenza, Santa Maria di Licodia, Santa Venerina, Sant&#8217;Agata Li Battiati, Sant&#8217;Alfio, Scordia, Trecastagni, Tremestieri Etneo, Valverde, Viagrande, Vizzini, Zafferana Etnea.<\/p>\n<h2><strong>Enna<\/strong>\u00a0(<em>Arredamenti cucina in Sicilia<\/em>):<\/h2>\n<p>Agira, Aidone, Assoro, Barrafranca, Calascibetta, Catenanuova, Centuripe, Cerami, Enna, Gagliano Castelferrato, Leonforte, Nicosia, Nissoria, Piazza Armerina, Pietraperzia, Regalbuto, Sperlinga, Troina, Valguarnera Caropepe, Villarosa.<\/p>\n<h2><strong>Messina<\/strong>\u00a0(<a title=\"Produzione di mobili cucina in Sicilia e vendita a Caltanissetta e San Cataldo CL. Cucine componibili online, scegli il modello che pi\u00f9 ti piace tra le cucine moderne, le cucine classiche e le cucine in finta muratura.\" href=\"https:\/\/www.raimondi-cucine.it\/fotografie-cucine-componibili\/\"><em>Mobili cucina in Sicilia<\/em><\/a>):<\/h2>\n<p>Acquedolci, Alcara Li Fusi, Al\u00ec, Al\u00ec Terme, Antillo, Barcellona Pozzo di Gotto, Basic\u00f2, Brolo, Capizzi, Capo d&#8217;Orlando, Capri Leone, Caronia, Casalvecchio Siculo, Castel di Lucio, Castell&#8217;Umberto, Castelmola, Castroreale, Cesar\u00f2, Condr\u00f2, Falcone, Ficarra, Fiumedinisi, Floresta, Fondachelli-Fantina, Forza d&#8217;Agr\u00f2, Francavilla di Sicilia, Frazzan\u00f2, Furci Siculo, Furnari, Gaggi, Galati Mamertino, Gallodoro, Giardini-Naxos, Gioiosa Marea, Graniti, Gualtieri Sicamin\u00f2, Itala, Leni, Letojanni, Librizzi, Limina, Lipari, Longi, Malfa, Malvagna, Mandanici, Mazzarr\u00e0 Sant&#8217;Andrea, Mer\u00ec, Messina, Milazzo, Militello Rosmarino, Mirto, Mistretta, Moio Alcantara, Monforte San Giorgio, Mongiuffi Melia, Montagnareale, Montalbano Elicona, Motta Camastra, Motta d&#8217;Affermo, Naso, Nizza di Sicilia, Novara di Sicilia, Oliveri, Pace del Mela, Pagliara, Patti, Pettineo, Piraino, Raccuja, Reitano, Roccafiorita, Roccalumera, Roccavaldina, Roccella Valdemone, Rod\u00ec Milici, Rometta, San Filippo del Mela, San Fratello, San Marco D&#8217;Alunzio, San Pier Niceto, San Piero Patti, San Salvatore di Fitalia, San Teodoro, Santa Domenica Vittoria, Santa Lucia del Mela, Santa Marina Salina, Santa Teresa di Riva, Sant&#8217;Agata di Militello, Sant&#8217;Alessio Siculo, Sant&#8217;Angelo di Brolo, Santo Stefano di Camastra, Saponara, Savoca, Scaletta Zanclea, Sinagra, Spadafora, Taormina, Terme Vigliatore, Torregrotta, Torrenova, Tortorici, Tripi, Tusa, Ucria, Valdina, Venetico, Villafranca Tirrena.<\/p>\n<h2><strong>Palermo<\/strong>\u00a0(<em>Arredamenti personalizzati in Sicilia<\/em>):<\/h2>\n<p>Alia, Alimena, Aliminusa, Altavilla Milicia, Altofonte, Bagheria, Balestrate, Baucina, Belmonte Mezzagno, Bisacquino, Blufi, Bolognetta, Bompietro, Borgetto, Caccamo, Caltavuturo, Campofelice di Fitalia, Campofelice di Roccella, Campofiorito, Camporeale, Capaci, Carini, Castelbuono, Casteldaccia, Cana Sicula, Castronovo di Sicilia, Cefal\u00e0 Diana, Cefal\u00f9, Cerda, Chiusa Sclafani, Ciminna, Cinisi, Collesano, Contessa Entellina, Corleone, Ficarazzi, Gangi, Geraci Siculo, Giardinello, Giuliana, Godrano, Gratteri, Isnello, Isola delle Femmine, Lascari, Lercara Friddi, Marineo, Mezzojuso, Misilmeri, Monreale, Montelepre, Montemaggiore Belsito, Palazzo Adriano, Palermo, Partinico, Petralia Soprana, Petralia Sottana, Piana degli Albanesi, Polizzi Generosa, Pollina, Prizzi, Roccamena, Roccapalumba, San Cipirello, San Giuseppe Jato, San Mauro Castelverde, Santa Cristina Gela, Santa Flavia, Sciara, Scillato, Sclafani Bagni, Termini Imerese, Terrasini, Torretta, Trabia, Trappeto, Ustica, Valledolmo, Ventimiglia di Sicilia, Vicari, Villabate, Villafrati.<\/p>\n<h2><strong>Ragusa<\/strong>\u00a0(<em>Arredamenti su misura in Sicilia<\/em>):<\/h2>\n<p>Acate, Chiaramonte Gulfi, Comiso, Giarratana, Ispica, Modica, Monterosso Almo, Pozzallo, Ragusa, Santa Croce Camerina, Scicli, Vittoria.<\/p>\n<h2><strong>Siracusa<\/strong>\u00a0(<em>Arredamenti strutture pubbliche in Sicilia<\/em>):<\/h2>\n<p>Augusta, Avola, Buccheri, Buscemi, Canicattini Bagni, Carlentini, Cassaro, Ferla, Floridia, Francofonte, Lentini, Melilli, Noto, Pachino, Palazzolo Acreide, Portopalo di Capo Passero, Priolo Gargallo, Rosolini, Siracusa, Solarino, Sortino.<\/p>\n<h2><strong>Trapani<\/strong>\u00a0(<em><a title=\"Fabbricazione di cucine classiche in Sicilia\" href=\"https:\/\/www.raimondi-cucine.it\/fabbrica-cucine-classiche-sicilia\/\">Cucine componibili classiche<\/a>, <a title=\"Vendita cucine moderne Sicilia\" href=\"https:\/\/www.raimondi-cucine.it\/vendita-cucine-moderne-sicilia\/\">Cucine componibili moderne<\/a>, <a title=\"Realizzazione cucine componibili in finta murature in Sicilia\" href=\"https:\/\/www.raimondi-cucine.it\/realizzazione-cucine-finta-muratura-sicilia\/\">Cucine componibili finta muratura in Sicilia<\/a><\/em>):<\/h2>\n<p>Alcamo, Buseto Palizzolo, Calatafimi Segesta, Campobello di Mazara, Cammare del Golfo, Castelvetrano, Custonaci, Erice, Favignana, Gibellina, Marsala, Mazara del Vallo, Paceco, Pantelleria, Partanna, Petrosino, Poggioreale, Salaparuta, Salemi, San Vito Lo Capo, Santa Ninfa, Trapani, Valderice, Vita.<\/p>\n","protected":false},"excerpt":{"rendered":"<p>Da oltre 25 anni\u00a0Sistemi componibili s.r.l.\u00a0progetta e realizza\u00a0cucine componibili su misura, in stile classico, moderno o in finta muratura secondo le richieste della clientela. Una filosofia, quella della personalizzazione, che pone qualit\u00e0 e know-how a servizio dell&#8217;estetica e della funzionalit\u00e0, dove le attrezzature pi\u00f9 moderne e tecnologiche si integrano ad una perfetta perizia artigianale. Le\u00a0cucine\u00a0realizzate [&hellip;]<\/p>\n<div style='clear:both'><\/div><div style=\"float:right\" class='the_champ_sharing_container the_champ_horizontal_sharing' data-super-socializer-href=\"https:\/\/www.raimondi-cucine.it\/it\/fabbrica-cucine-componibili-sicilia\/cucine-componibili-sicilia\/\"><div class='the_champ_sharing_title' style=\"font-weight:bold\" ><\/div><div class=\"the_champ_sharing_ul\"><a aria-label=\"Facebook\" class=\"the_champ_facebook\" href=\"https:\/\/www.facebook.com\/sharer\/sharer.php?u=https%3A%2F%2Fwww.raimondi-cucine.it%2Fit%2Ffabbrica-cucine-componibili-sicilia%2Fcucine-componibili-sicilia%2F\" title=\"Facebook\" rel=\"nofollow noopener\" target=\"_blank\" style=\"font-size:24px!important;box-shadow:none;display:inline-block;vertical-align:middle\"><span class=\"the_champ_svg\" style=\"background-color:#3c589a;width:35px;height:35px;border-radius:999px;display:inline-block;opacity:1;float:left;font-size:24px;box-shadow:none;display:inline-block;font-size:16px;padding:0 4px;vertical-align:middle;background-repeat:repeat;overflow:hidden;padding:0;cursor:pointer;box-sizing:content-box\"><svg style=\"display:block;border-radius:999px;\" focusable=\"false\" aria-hidden=\"true\" xmlns=\"http:\/\/www.w3.org\/2000\/svg\" width=\"100%\" height=\"100%\" viewBox=\"-5 -5 42 42\"><path d=\"M17.78 27.5V17.008h3.522l.527-4.09h-4.05v-2.61c0-1.182.33-1.99 2.023-1.99h2.166V4.66c-.375-.05-1.66-.16-3.155-.16-3.123 0-5.26 1.905-5.26 5.405v3.016h-3.53v4.09h3.53V27.5h4.223z\" fill=\"#fff\"><\/path><\/svg><\/span><\/a><a aria-label=\"Print\" class=\"the_champ_button_print\" href=\"https:\/\/www.raimondi-cucine.it\/it\/fabbrica-cucine-componibili-sicilia\/cucine-componibili-sicilia\/\" onclick=\"event.preventDefault();window.print()\" title=\"Print\" rel=\"nofollow noopener\" style=\"font-size:24px!important;box-shadow:none;display:inline-block;vertical-align:middle\"><span class=\"the_champ_svg the_champ_s__default the_champ_s_print\" style=\"background-color:#fd6500;width:35px;height:35px;border-radius:999px;display:inline-block;opacity:1;float:left;font-size:24px;box-shadow:none;display:inline-block;font-size:16px;padding:0 4px;vertical-align:middle;background-repeat:repeat;overflow:hidden;padding:0;cursor:pointer;box-sizing:content-box\"><svg style=\"display:block;border-radius:999px;\" focusable=\"false\" aria-hidden=\"true\" xmlns=\"http:\/\/www.w3.org\/2000\/svg\" width=\"100%\" height=\"100%\" viewBox=\"-2.8 -4.5 35 35\"><path stroke=\"#fff\" class=\"the_champ_svg_stroke\" d=\"M 7 10 h 2 v 3 h 12 v -3 h 2 v 7 h -2 v -3 h -12 v 3 h -2 z\" stroke-width=\"1\" fill=\"#fff\"><\/path><rect class=\"the_champ_no_fill the_champ_svg_stroke\" stroke=\"#fff\" stroke-width=\"1.8\" height=\"7\" width=\"10\" x=\"10\" y=\"5\" fill=\"none\"><\/rect><rect class=\"the_champ_svg_stroke\" stroke=\"#fff\" stroke-width=\"1\" height=\"5\" width=\"8\" x=\"11\" y=\"16\" fill=\"#fff\"><\/rect><\/svg><\/span><\/a><\/div><\/div><div style='clear:both'><\/div>","protected":false},"author":2,"featured_media":1650,"parent":514,"menu_order":0,"comment_status":"closed","ping_status":"closed","template":"","meta":{"_et_pb_use_builder":"","_et_pb_old_content":"","_et_gb_content_width":"","footnotes":""},"yoast_head":"<!-- This site is optimized with the Yoast SEO plugin v22.7 - https:\/\/yoast.com\/wordpress\/plugins\/seo\/ -->\n<title>Arredamenti su misura e cucine componibili in Sicilia - Rivenditori cucine Sicilia<\/title>\n<meta name=\"description\" content=\"Produzione e vendita arredamenti su misura e cucine componibili in Sicilia - Arredamenti su misura Caltanissetta - Cucine componibili San Cataldo\" \/>\n<meta name=\"robots\" content=\"index, follow, max-snippet:-1, max-image-preview:large, max-video-preview:-1\" \/>\n<link rel=\"canonical\" href=\"https:\/\/www.raimondi-cucine.it\/it\/fabbrica-cucine-componibili-sicilia\/cucine-componibili-sicilia\/\" \/>\n<meta property=\"og:locale\" content=\"it_IT\" \/>\n<meta property=\"og:type\" content=\"article\" \/>\n<meta property=\"og:title\" content=\"Arredamenti su misura e cucine componibili in Sicilia - Rivenditori cucine Sicilia\" \/>\n<meta property=\"og:description\" content=\"Produzione e vendita arredamenti su misura e cucine componibili in Sicilia - Arredamenti su misura Caltanissetta - Cucine componibili San Cataldo\" \/>\n<meta property=\"og:url\" content=\"https:\/\/www.raimondi-cucine.it\/it\/fabbrica-cucine-componibili-sicilia\/cucine-componibili-sicilia\/\" \/>\n<meta property=\"og:site_name\" content=\"Rivenditori cucine Sicilia\" \/>\n<meta property=\"article:publisher\" content=\"https:\/\/www.facebook.com\/raimondicucine\/\" \/>\n<meta property=\"article:modified_time\" content=\"2017-10-05T08:58:20+00:00\" \/>\n<meta property=\"og:image\" content=\"https:\/\/www.raimondi-cucine.it\/wp-content\/uploads\/cucina_componibile_moderna_global10.jpg\" \/>\n\t<meta property=\"og:image:width\" content=\"3216\" \/>\n\t<meta property=\"og:image:height\" content=\"2136\" \/>\n\t<meta property=\"og:image:type\" content=\"image\/jpeg\" \/>\n<meta name=\"twitter:card\" content=\"summary_large_image\" \/>\n<meta name=\"twitter:label1\" content=\"Tempo di lettura stimato\" \/>\n\t<meta name=\"twitter:data1\" content=\"4 minuti\" \/>\n<script type=\"application\/ld+json\" class=\"yoast-schema-graph\">{\"@context\":\"https:\/\/schema.org\",\"@graph\":[{\"@type\":\"WebPage\",\"@id\":\"https:\/\/www.raimondi-cucine.it\/it\/fabbrica-cucine-componibili-sicilia\/cucine-componibili-sicilia\/\",\"url\":\"https:\/\/www.raimondi-cucine.it\/it\/fabbrica-cucine-componibili-sicilia\/cucine-componibili-sicilia\/\",\"name\":\"Arredamenti su misura e cucine componibili in Sicilia - Rivenditori cucine Sicilia\",\"isPartOf\":{\"@id\":\"https:\/\/www.raimondi-cucine.it\/it\/#website\"},\"primaryImageOfPage\":{\"@id\":\"https:\/\/www.raimondi-cucine.it\/it\/fabbrica-cucine-componibili-sicilia\/cucine-componibili-sicilia\/#primaryimage\"},\"image\":{\"@id\":\"https:\/\/www.raimondi-cucine.it\/it\/fabbrica-cucine-componibili-sicilia\/cucine-componibili-sicilia\/#primaryimage\"},\"thumbnailUrl\":\"https:\/\/www.raimondi-cucine.it\/wp-content\/uploads\/cucina_componibile_moderna_global10.jpg\",\"datePublished\":\"2017-10-05T08:02:46+00:00\",\"dateModified\":\"2017-10-05T08:58:20+00:00\",\"description\":\"Produzione e vendita arredamenti su misura e cucine componibili in Sicilia - Arredamenti su misura Caltanissetta - Cucine componibili San Cataldo\",\"breadcrumb\":{\"@id\":\"https:\/\/www.raimondi-cucine.it\/it\/fabbrica-cucine-componibili-sicilia\/cucine-componibili-sicilia\/#breadcrumb\"},\"inLanguage\":\"it-IT\",\"potentialAction\":[{\"@type\":\"ReadAction\",\"target\":[\"https:\/\/www.raimondi-cucine.it\/it\/fabbrica-cucine-componibili-sicilia\/cucine-componibili-sicilia\/\"]}]},{\"@type\":\"ImageObject\",\"inLanguage\":\"it-IT\",\"@id\":\"https:\/\/www.raimondi-cucine.it\/it\/fabbrica-cucine-componibili-sicilia\/cucine-componibili-sicilia\/#primaryimage\",\"url\":\"https:\/\/www.raimondi-cucine.it\/wp-content\/uploads\/cucina_componibile_moderna_global10.jpg\",\"contentUrl\":\"https:\/\/www.raimondi-cucine.it\/wp-content\/uploads\/cucina_componibile_moderna_global10.jpg\",\"width\":3216,\"height\":2136,\"caption\":\"Ampia cucina, grandi piani di lavoro, spaziose credenze e mensole, accessori ed elettrodomestici all'avanguardia\"},{\"@type\":\"BreadcrumbList\",\"@id\":\"https:\/\/www.raimondi-cucine.it\/it\/fabbrica-cucine-componibili-sicilia\/cucine-componibili-sicilia\/#breadcrumb\",\"itemListElement\":[{\"@type\":\"ListItem\",\"position\":1,\"name\":\"Home\",\"item\":\"https:\/\/www.raimondi-cucine.it\/it\/\"},{\"@type\":\"ListItem\",\"position\":2,\"name\":\"Fabbrica di cucine componibili in Sicilia &#8211; Chi siamo\",\"item\":\"https:\/\/www.raimondi-cucine.it\/fabbrica-cucine-componibili-sicilia\/\"},{\"@type\":\"ListItem\",\"position\":3,\"name\":\"Arredamenti su misura e cucine componibili in Sicilia\"}]},{\"@type\":\"WebSite\",\"@id\":\"https:\/\/www.raimondi-cucine.it\/it\/#website\",\"url\":\"https:\/\/www.raimondi-cucine.it\/it\/\",\"name\":\"Rivenditori cucine Sicilia\",\"description\":\"Il design che d\u00e0 spazio ai tuoi desideri\",\"publisher\":{\"@id\":\"https:\/\/www.raimondi-cucine.it\/it\/#organization\"},\"potentialAction\":[{\"@type\":\"SearchAction\",\"target\":{\"@type\":\"EntryPoint\",\"urlTemplate\":\"https:\/\/www.raimondi-cucine.it\/it\/?s={search_term_string}\"},\"query-input\":\"required name=search_term_string\"}],\"inLanguage\":\"it-IT\"},{\"@type\":\"Organization\",\"@id\":\"https:\/\/www.raimondi-cucine.it\/it\/#organization\",\"name\":\"Raimondi Cucine\",\"url\":\"https:\/\/www.raimondi-cucine.it\/it\/\",\"logo\":{\"@type\":\"ImageObject\",\"inLanguage\":\"it-IT\",\"@id\":\"https:\/\/www.raimondi-cucine.it\/it\/#\/schema\/logo\/image\/\",\"url\":\"https:\/\/www.raimondi-cucine.it\/wp-content\/uploads\/banner_email.png\",\"contentUrl\":\"https:\/\/www.raimondi-cucine.it\/wp-content\/uploads\/banner_email.png\",\"width\":560,\"height\":100,\"caption\":\"Raimondi Cucine\"},\"image\":{\"@id\":\"https:\/\/www.raimondi-cucine.it\/it\/#\/schema\/logo\/image\/\"},\"sameAs\":[\"https:\/\/www.facebook.com\/raimondicucine\/\",\"https:\/\/www.youtube.com\/channel\/UCJpe1gYYTxKn6GmhBXdMLoA\"]}]}<\/script>\n<!-- \/ Yoast SEO plugin. -->","yoast_head_json":{"title":"Arredamenti su misura e cucine componibili in Sicilia - Rivenditori cucine Sicilia","description":"Produzione e vendita arredamenti su misura e cucine componibili in Sicilia - Arredamenti su misura Caltanissetta - Cucine componibili San Cataldo","robots":{"index":"index","follow":"follow","max-snippet":"max-snippet:-1","max-image-preview":"max-image-preview:large","max-video-preview":"max-video-preview:-1"},"canonical":"https:\/\/www.raimondi-cucine.it\/it\/fabbrica-cucine-componibili-sicilia\/cucine-componibili-sicilia\/","og_locale":"it_IT","og_type":"article","og_title":"Arredamenti su misura e cucine componibili in Sicilia - Rivenditori cucine Sicilia","og_description":"Produzione e vendita arredamenti su misura e cucine componibili in Sicilia - Arredamenti su misura Caltanissetta - Cucine componibili San Cataldo","og_url":"https:\/\/www.raimondi-cucine.it\/it\/fabbrica-cucine-componibili-sicilia\/cucine-componibili-sicilia\/","og_site_name":"Rivenditori cucine Sicilia","article_publisher":"https:\/\/www.facebook.com\/raimondicucine\/","article_modified_time":"2017-10-05T08:58:20+00:00","og_image":[{"width":3216,"height":2136,"url":"https:\/\/www.raimondi-cucine.it\/wp-content\/uploads\/cucina_componibile_moderna_global10.jpg","type":"image\/jpeg"}],"twitter_card":"summary_large_image","twitter_misc":{"Tempo di lettura stimato":"4 minuti"},"schema":{"@context":"https:\/\/schema.org","@graph":[{"@type":"WebPage","@id":"https:\/\/www.raimondi-cucine.it\/it\/fabbrica-cucine-componibili-sicilia\/cucine-componibili-sicilia\/","url":"https:\/\/www.raimondi-cucine.it\/it\/fabbrica-cucine-componibili-sicilia\/cucine-componibili-sicilia\/","name":"Arredamenti su misura e cucine componibili in Sicilia - Rivenditori cucine Sicilia","isPartOf":{"@id":"https:\/\/www.raimondi-cucine.it\/it\/#website"},"primaryImageOfPage":{"@id":"https:\/\/www.raimondi-cucine.it\/it\/fabbrica-cucine-componibili-sicilia\/cucine-componibili-sicilia\/#primaryimage"},"image":{"@id":"https:\/\/www.raimondi-cucine.it\/it\/fabbrica-cucine-componibili-sicilia\/cucine-componibili-sicilia\/#primaryimage"},"thumbnailUrl":"https:\/\/www.raimondi-cucine.it\/wp-content\/uploads\/cucina_componibile_moderna_global10.jpg","datePublished":"2017-10-05T08:02:46+00:00","dateModified":"2017-10-05T08:58:20+00:00","description":"Produzione e vendita arredamenti su misura e cucine componibili in Sicilia - Arredamenti su misura Caltanissetta - Cucine componibili San Cataldo","breadcrumb":{"@id":"https:\/\/www.raimondi-cucine.it\/it\/fabbrica-cucine-componibili-sicilia\/cucine-componibili-sicilia\/#breadcrumb"},"inLanguage":"it-IT","potentialAction":[{"@type":"ReadAction","target":["https:\/\/www.raimondi-cucine.it\/it\/fabbrica-cucine-componibili-sicilia\/cucine-componibili-sicilia\/"]}]},{"@type":"ImageObject","inLanguage":"it-IT","@id":"https:\/\/www.raimondi-cucine.it\/it\/fabbrica-cucine-componibili-sicilia\/cucine-componibili-sicilia\/#primaryimage","url":"https:\/\/www.raimondi-cucine.it\/wp-content\/uploads\/cucina_componibile_moderna_global10.jpg","contentUrl":"https:\/\/www.raimondi-cucine.it\/wp-content\/uploads\/cucina_componibile_moderna_global10.jpg","width":3216,"height":2136,"caption":"Ampia cucina, grandi piani di lavoro, spaziose credenze e mensole, accessori ed elettrodomestici all'avanguardia"},{"@type":"BreadcrumbList","@id":"https:\/\/www.raimondi-cucine.it\/it\/fabbrica-cucine-componibili-sicilia\/cucine-componibili-sicilia\/#breadcrumb","itemListElement":[{"@type":"ListItem","position":1,"name":"Home","item":"https:\/\/www.raimondi-cucine.it\/it\/"},{"@type":"ListItem","position":2,"name":"Fabbrica di cucine componibili in Sicilia &#8211; Chi siamo","item":"https:\/\/www.raimondi-cucine.it\/fabbrica-cucine-componibili-sicilia\/"},{"@type":"ListItem","position":3,"name":"Arredamenti su misura e cucine componibili in Sicilia"}]},{"@type":"WebSite","@id":"https:\/\/www.raimondi-cucine.it\/it\/#website","url":"https:\/\/www.raimondi-cucine.it\/it\/","name":"Rivenditori cucine Sicilia","description":"Il design che d\u00e0 spazio ai tuoi desideri","publisher":{"@id":"https:\/\/www.raimondi-cucine.it\/it\/#organization"},"potentialAction":[{"@type":"SearchAction","target":{"@type":"EntryPoint","urlTemplate":"https:\/\/www.raimondi-cucine.it\/it\/?s={search_term_string}"},"query-input":"required name=search_term_string"}],"inLanguage":"it-IT"},{"@type":"Organization","@id":"https:\/\/www.raimondi-cucine.it\/it\/#organization","name":"Raimondi Cucine","url":"https:\/\/www.raimondi-cucine.it\/it\/","logo":{"@type":"ImageObject","inLanguage":"it-IT","@id":"https:\/\/www.raimondi-cucine.it\/it\/#\/schema\/logo\/image\/","url":"https:\/\/www.raimondi-cucine.it\/wp-content\/uploads\/banner_email.png","contentUrl":"https:\/\/www.raimondi-cucine.it\/wp-content\/uploads\/banner_email.png","width":560,"height":100,"caption":"Raimondi Cucine"},"image":{"@id":"https:\/\/www.raimondi-cucine.it\/it\/#\/schema\/logo\/image\/"},"sameAs":["https:\/\/www.facebook.com\/raimondicucine\/","https:\/\/www.youtube.com\/channel\/UCJpe1gYYTxKn6GmhBXdMLoA"]}]}},"_links":{"self":[{"href":"https:\/\/www.raimondi-cucine.it\/it\/wp-json\/wp\/v2\/pages\/1745\/"}],"collection":[{"href":"https:\/\/www.raimondi-cucine.it\/it\/wp-json\/wp\/v2\/pages\/"}],"about":[{"href":"https:\/\/www.raimondi-cucine.it\/it\/wp-json\/wp\/v2\/types\/page\/"}],"author":[{"embeddable":true,"href":"https:\/\/www.raimondi-cucine.it\/it\/wp-json\/wp\/v2\/users\/2\/"}],"replies":[{"embeddable":true,"href":"https:\/\/www.raimondi-cucine.it\/it\/wp-json\/wp\/v2\/comments\/?post=1745"}],"version-history":[{"count":13,"href":"https:\/\/www.raimondi-cucine.it\/it\/wp-json\/wp\/v2\/pages\/1745\/revisions\/"}],"predecessor-version":[{"id":1759,"href":"https:\/\/www.raimondi-cucine.it\/it\/wp-json\/wp\/v2\/pages\/1745\/revisions\/1759\/"}],"up":[{"embeddable":true,"href":"https:\/\/www.raimondi-cucine.it\/it\/wp-json\/wp\/v2\/pages\/514\/"}],"wp:featuredmedia":[{"embeddable":true,"href":"https:\/\/www.raimondi-cucine.it\/it\/wp-json\/wp\/v2\/media\/1650\/"}],"wp:attachment":[{"href":"https:\/\/www.raimondi-cucine.it\/it\/wp-json\/wp\/v2\/media\/?parent=1745"}],"curies":[{"name":"wp","href":"https:\/\/api.w.org\/{rel}","templated":true}]}}